{"id":4553,"date":"2021-10-29T09:55:02","date_gmt":"2021-10-29T07:55:02","guid":{"rendered":"https:\/\/www.lec.fr\/?page_id=4553"},"modified":"2025-12-27T11:51:46","modified_gmt":"2025-12-27T10:51:46","slug":"aviso-legal","status":"publish","type":"page","link":"https:\/\/www.lec.fr\/es\/aviso-legal\/","title":{"rendered":"Aviso legal"},"content":{"rendered":"<div class=\"row\"><div class=\"col-12 col-xl-10 offset-xl-1 heading\">\n<h2 class=\"wp-block-heading\" id=\"block-0aff458e-633b-47d0-b1aa-6bcd5cbf3235\"><span>Propietario<\/span><\/h2>\n<\/div><\/div>\n\n<div class=\"row\"><div class=\"col-12 col-xl-10 offset-xl-1 paragraph\">\n<p id=\"block-f630f10d-9fd8-4af7-a080-00c114a60dfb\">LEC<br>24 avenue Joann\u00e8s Masset, B\u00e2timent E, 69009 Lyon (FRANCE)<br>T\u00e9l. : +33 (0) 437 480 409<br>Fax : +33 (0) 437 480 411<br>Denominaci\u00f3n social: L.E.C. SOCIETE LYONNAISE D&#8217;EQUIPEMENT ET DE CONTROLE<br>N.\u00ba IVA: FR 49 393 304 134<br>SIRET: 39330413400041<\/p>\n<\/div><\/div>\n\n<div class=\"row\"><div class=\"col-12 col-xl-10 offset-xl-1 heading\">\n<h3 class=\"wp-block-heading\" id=\"block-65c83d3a-c917-495b-874c-53e2f8719ab5\"><strong>Director de publicaci\u00f3n<\/strong><\/h3>\n<\/div><\/div>\n\n<div class=\"row\"><div class=\"col-12 col-xl-10 offset-xl-1 paragraph\">\n<p>M. Guillaume Pollet<\/p>\n<\/div><\/div>\n\n\n<div style=\"height:50px\" aria-hidden=\"true\" class=\"wp-block-spacer\"><\/div>\n\n\n<div class=\"row\"><div class=\"col-12 col-xl-10 offset-xl-1 heading\">\n<h2 class=\"wp-block-heading\" id=\"block-49a24935-cd9a-4358-9456-314acda13823\"><span><strong>Dise\u00f1o y desarrollo del sitio web<\/strong><\/span><\/h2>\n<\/div><\/div>\n\n<div class=\"row\"><div class=\"col-12 col-xl-10 offset-xl-1 paragraph\">\n<p id=\"block-0dc83111-7c5f-4180-95fe-35ee82691828\"><strong>Agence de communication B17<\/strong><br>19, rue du lieutenant Aug\u00e9<br>44230 Saint-S\u00e9bastien\/Loire<br><strong>T\u00e9l.<\/strong>&nbsp;02 40 89 78 74<\/p>\n<\/div><\/div>\n\n\n<div style=\"height:50px\" aria-hidden=\"true\" class=\"wp-block-spacer\"><\/div>\n\n\n<div class=\"row\"><div class=\"col-12 col-xl-10 offset-xl-1 heading\">\n<h2 class=\"wp-block-heading\" id=\"block-7dd9d9d0-fc94-40b1-b2c8-f588a031c8b8\"><span><strong>Alojamiento del sitio web<\/strong><\/span><\/h2>\n<\/div><\/div>\n\n<div class=\"row\"><div class=\"col-12 col-xl-10 offset-xl-1 paragraph\">\n<p id=\"block-411cb10b-01d9-40bb-8953-d2dce6ec1e42\"><strong>OVH<\/strong><br>2 rue Kellermann<br>59100 Roubaix<br><strong>T\u00e9l.<\/strong>&nbsp;1007<\/p>\n<\/div><\/div>\n\n\n<div style=\"height:50px\" aria-hidden=\"true\" class=\"wp-block-spacer\"><\/div>\n\n\n<div class=\"row\"><div class=\"col-12 col-xl-10 offset-xl-1 heading\">\n<h2 class=\"wp-block-heading\" id=\"block-9962bde1-cd52-4fdd-aeba-9e10d65dd4bc\"><span><strong>Cr\u00e9ditos fotogr\u00e1ficos<\/strong><\/span><\/h2>\n<\/div><\/div>\n\n<div class=\"row\"><div class=\"col-12 col-xl-10 offset-xl-1 paragraph\">\n<p id=\"block-8aeb0658-a7a8-4f27-a0a0-180ee33918f2\"><strong>Shutterstock \u2013 LEC<\/strong><\/p>\n<\/div><\/div>\n\n\n<div style=\"height:50px\" aria-hidden=\"true\" class=\"wp-block-spacer\"><\/div>\n\n\n<div class=\"row\"><div class=\"col-12 col-xl-10 offset-xl-1 heading\">\n<h2 class=\"wp-block-heading\" id=\"block-e88b0562-22af-4a45-a755-8ae138c605f6\"><span><strong>Derechos de autor y propiedad intelectual<\/strong><\/span><\/h2>\n<\/div><\/div>\n\n<div class=\"row\"><div class=\"col-12 col-xl-10 offset-xl-1 paragraph\">\n<p>Las marcas, logotipos y, en general, todos los elementos de propiedad intelectual que aparecen en este sitio web son propiedad de sus respectivos autores, est\u00e1n registrados y protegidos como tales por la sociedad LEC.<br>Queda prohibida cualquier utilizaci\u00f3n o reproducci\u00f3n.<br>Asimismo, la informaci\u00f3n contenida en este sitio web est\u00e1 destinada exclusivamente a un uso personal.<br>Cualquier uso, reproducci\u00f3n, copia o difusi\u00f3n con fines comerciales est\u00e1 estrictamente prohibido.<\/p>\n<\/div><\/div>\n\n\n<div style=\"height:50px\" aria-hidden=\"true\" class=\"wp-block-spacer\"><\/div>\n","protected":false},"excerpt":{"rendered":"<p>Propietario LEC24 avenue Joann\u00e8s Masset, B\u00e2timent E, 69009 Lyon (FRANCE)T\u00e9l. : +33 (0) 437 480 409Fax : +33 (0) 437 480 411Denominaci\u00f3n social: L.E.C. SOCIETE LYONNAISE D&#8217;EQUIPEMENT ET DE CONTROLEN.\u00ba IVA: FR 49 393 304 134SIRET: 39330413400041 Director de publicaci\u00f3n M. Guillaume Pollet Dise\u00f1o y desarrollo del sitio web Agence de communication B1719, rue du [&hellip;]<\/p>\n","protected":false},"author":1,"featured_media":0,"parent":0,"menu_order":0,"comment_status":"closed","ping_status":"closed","template":"page-rgpd.php","meta":{"_acf_changed":false,"inline_featured_image":false,"footnotes":""},"class_list":["post-4553","page","type-page","status-publish","hentry"],"acf":[],"_links":{"self":[{"href":"https:\/\/www.lec.fr\/es\/wp-json\/wp\/v2\/pages\/4553","targetHints":{"allow":["GET"]}}],"collection":[{"href":"https:\/\/www.lec.fr\/es\/wp-json\/wp\/v2\/pages"}],"about":[{"href":"https:\/\/www.lec.fr\/es\/wp-json\/wp\/v2\/types\/page"}],"author":[{"embeddable":true,"href":"https:\/\/www.lec.fr\/es\/wp-json\/wp\/v2\/users\/1"}],"replies":[{"embeddable":true,"href":"https:\/\/www.lec.fr\/es\/wp-json\/wp\/v2\/comments?post=4553"}],"version-history":[{"count":1,"href":"https:\/\/www.lec.fr\/es\/wp-json\/wp\/v2\/pages\/4553\/revisions"}],"predecessor-version":[{"id":4554,"href":"https:\/\/www.lec.fr\/es\/wp-json\/wp\/v2\/pages\/4553\/revisions\/4554"}],"wp:attachment":[{"href":"https:\/\/www.lec.fr\/es\/wp-json\/wp\/v2\/media?parent=4553"}],"curies":[{"name":"wp","href":"https:\/\/api.w.org\/{rel}","templated":true}]}}