{"id":4561,"date":"2021-10-08T16:29:01","date_gmt":"2021-10-08T14:29:01","guid":{"rendered":"https:\/\/www.lec.fr\/?page_id=4561"},"modified":"2025-12-27T12:22:15","modified_gmt":"2025-12-27T11:22:15","slug":"politica-de-proteccion-de-datos","status":"publish","type":"page","link":"https:\/\/www.lec.fr\/es\/politica-de-proteccion-de-datos\/","title":{"rendered":"Pol\u00edtica de protecci\u00f3n de datos"},"content":{"rendered":"<div class=\"row\"><div class=\"col-12 col-xl-10 offset-xl-1 heading\">\n<h2 class=\"wp-block-heading\"><span>Objetivo y \u00e1mbito de aplicaci\u00f3n de la Pol\u00edtica<\/span><\/h2>\n<\/div><\/div>\n\n<div class=\"row\"><div class=\"col-12 col-xl-10 offset-xl-1 paragraph\">\n<p>LEC, filial del Grupo RAGNI, concede la m\u00e1xima importancia y el mayor cuidado a la protecci\u00f3n de la vida privada y de los datos de car\u00e1cter personal, as\u00ed como al cumplimiento de las disposiciones de la legislaci\u00f3n aplicable.<\/p>\n<\/div><\/div>\n\n<div class=\"row\"><div class=\"col-12 col-xl-10 offset-xl-1 paragraph\">\n<p>El Reglamento (UE) 2016\/679 de 27 de abril de 2016 relativo a la protecci\u00f3n de las personas f\u00edsicas en lo que respecta al tratamiento de los datos personales y a la libre circulaci\u00f3n de estos datos (en adelante, el \u00abRGPD\u00bb) establece que los datos personales deben tratarse de manera l\u00edcita, leal y transparente.<br>As\u00ed, la presente pol\u00edtica de protecci\u00f3n de datos (en adelante, la \u00abPol\u00edtica\u00bb) tiene por objeto proporcionarle una informaci\u00f3n sencilla y clara sobre los tratamientos de datos personales que le conciernen, en particular en el marco de su navegaci\u00f3n y de las operaciones realizadas en nuestro sitio web.<\/p>\n<\/div><\/div>\n\n\n<div style=\"height:50px\" aria-hidden=\"true\" class=\"wp-block-spacer\"><\/div>\n\n\n<div class=\"row\"><div class=\"col-12 col-xl-10 offset-xl-1 heading\">\n<h2 class=\"wp-block-heading\"><span>El responsable del tratamiento de sus datos personales<\/span><\/h2>\n<\/div><\/div>\n\n<div class=\"row\"><div class=\"col-12 col-xl-10 offset-xl-1 paragraph\">\n<p>El responsable del tratamiento de sus datos personales, en el sentido de la normativa aplicable en materia de protecci\u00f3n de datos personales y, en particular, del RGPD, es LEC, Sociedad por Acciones Simplificada (SAS) con un capital social de 25.000 euros, cuyo domicilio social se encuentra en 69 rue Gorge de Loup, 69009 Lyon.<\/p>\n<\/div><\/div>\n\n<div class=\"row\"><div class=\"col-12 col-xl-10 offset-xl-1 paragraph\">\n<p>Puede encontrar toda la informaci\u00f3n relativa a la sociedad LEC en nuestra p\u00e1gina de<a href=\"https:\/\/www.lec.fr\/es\/aviso-legal\/\"> Aviso legal<\/a>.<\/p>\n<\/div><\/div>\n\n\n<div style=\"height:50px\" aria-hidden=\"true\" class=\"wp-block-spacer\"><\/div>\n\n\n<div class=\"row\"><div class=\"col-12 col-xl-10 offset-xl-1 heading\">\n<h2 class=\"wp-block-heading\"><span>\u00bfPor qu\u00e9 recopilamos sus datos personales?<\/span><\/h2>\n<\/div><\/div>\n\n<div class=\"row\"><div class=\"col-12 col-xl-10 offset-xl-1 paragraph\">\n<p>La presente Pol\u00edtica se aplica a la recopilaci\u00f3n y al tratamiento de sus datos personales, para fines determinados y sobre diferentes bases jur\u00eddicas.<\/p>\n<\/div><\/div>\n\n<div class=\"row\"><div class=\"col-12 col-xl-10 offset-xl-1 paragraph\">\n<p>En el marco de la ejecuci\u00f3n del contrato o de medidas precontractuales, sus datos se tratan para los fines siguientes:<\/p>\n<\/div><\/div>\n\n<div class=\"row\"><div class=\"col-12 col-xl-10 offset-xl-1 list\">\n<ul class=\"wp-block-list\">\n<li>Gesti\u00f3n de presupuestos;<\/li>\n\n\n\n<li>Gesti\u00f3n de pedidos y compras;<\/li>\n\n\n\n<li>Gesti\u00f3n de contratos con clientes\/proveedores;<\/li>\n\n\n\n<li>Gesti\u00f3n de reclamaciones y del servicio posventa.<\/li>\n<\/ul>\n<\/div><\/div>\n\n<div class=\"row\"><div class=\"col-12 col-xl-10 offset-xl-1 paragraph\">\n<p>Sobre la base de su consentimiento, sus datos se tratan para los fines siguientes:<\/p>\n<\/div><\/div>\n\n<div class=\"row\"><div class=\"col-12 col-xl-10 offset-xl-1 list\">\n<ul class=\"wp-block-list\">\n<li>Gesti\u00f3n de las cookies que requieren su consentimiento (cookies depositadas con fines de an\u00e1lisis de audiencia).<\/li>\n<\/ul>\n<\/div><\/div>\n\n<div class=\"row\"><div class=\"col-12 col-xl-10 offset-xl-1 paragraph\">\n<p>En el marco del inter\u00e9s leg\u00edtimo de LEC, sus datos se tratan para los fines siguientes:<\/p>\n<\/div><\/div>\n\n<div class=\"row\"><div class=\"col-12 col-xl-10 offset-xl-1 list\">\n<ul class=\"wp-block-list\">\n<li>Gesti\u00f3n de solicitudes de informaci\u00f3n;<\/li>\n\n\n\n<li>Gesti\u00f3n de las comunicaciones;<\/li>\n\n\n\n<li>Gesti\u00f3n de la descarga de archivos IES;<\/li>\n\n\n\n<li>Gesti\u00f3n de las relaciones con prospectos\/clientes;<\/li>\n\n\n\n<li>Gesti\u00f3n de eventos comerciales;<\/li>\n\n\n\n<li>Gesti\u00f3n de candidaturas espont\u00e1neas o presentadas en el marco de una oferta de empleo;<\/li>\n\n\n\n<li>Gesti\u00f3n del correcto funcionamiento y mejora continua del sitio web (mediante cookies t\u00e9cnicas);<\/li>\n\n\n\n<li>Gesti\u00f3n del precontencioso y del contencioso.<\/li>\n<\/ul>\n<\/div><\/div>\n\n<div class=\"row\"><div class=\"col-12 col-xl-10 offset-xl-1 paragraph\">\n<p>En el marco de las obligaciones legales y reglamentarias a las que est\u00e1 sujeta LEC, sus datos se tratan para los fines siguientes:<\/p>\n<\/div><\/div>\n\n<div class=\"row\"><div class=\"col-12 col-xl-10 offset-xl-1 list\">\n<ul class=\"wp-block-list\">\n<li>Llevanza de la contabilidad general y auxiliar;<\/li>\n\n\n\n<li>Gesti\u00f3n de sus derechos en materia de datos personales.<\/li>\n<\/ul>\n<\/div><\/div>\n\n\n<div style=\"height:50px\" aria-hidden=\"true\" class=\"wp-block-spacer\"><\/div>\n\n\n<div class=\"row\"><div class=\"col-12 col-xl-10 offset-xl-1 heading\">\n<h2 class=\"wp-block-heading\"><span>Los datos personales que recopilamos sobre usted<\/span><\/h2>\n<\/div><\/div>\n\n<div class=\"row\"><div class=\"col-12 col-xl-10 offset-xl-1 paragraph\">\n<p>Los datos personales se tratan respetando el principio de minimizaci\u00f3n impuesto por el RGPD. La naturaleza y la calidad de los datos personales tratados var\u00edan seg\u00fan las relaciones que usted mantenga con LEC, siendo las principales las siguientes:<\/p>\n<\/div><\/div>\n\n<div class=\"row\"><div class=\"col-12 col-xl-10 offset-xl-1 list\">\n<ul class=\"wp-block-list\">\n<li><strong>Datos de identificaci\u00f3n:<\/strong> incluyen toda la informaci\u00f3n que nos permite identificarle, como su apellido, nombre y n\u00famero de tel\u00e9fono. Tambi\u00e9n recopilamos su direcci\u00f3n de correo electr\u00f3nico, as\u00ed como su direcci\u00f3n postal (en caso de pago, la direcci\u00f3n postal ser\u00e1 necesaria para generar una factura).<\/li>\n\n\n\n<li><strong>Datos profesionales: <\/strong>estos datos se refieren principalmente a la informaci\u00f3n que nos comunica en el marco de un proceso de selecci\u00f3n o de una relaci\u00f3n profesional. Incluyen su curr\u00edculum vitae, carta de presentaci\u00f3n, t\u00edtulos, experiencia profesional, competencias, as\u00ed como, en su caso, cualquier otra informaci\u00f3n \u00fatil para la evaluaci\u00f3n de su candidatura o la gesti\u00f3n de la relaci\u00f3n laboral.<\/li>\n\n\n\n<li><strong>Datos financieros: <\/strong>corresponden a datos bancarios como un IBAN.<\/li>\n\n\n\n<li>Informaci\u00f3n relativa a su navegaci\u00f3n: al navegar por nuestro sitio web, usted interact\u00faa con \u00e9l. En consecuencia, se recopila determinada informaci\u00f3n relativa a su navegaci\u00f3n.<\/li>\n\n\n\n<li><strong>Datos recopilados a trav\u00e9s de nuestra red de agentes comerciales\/distribuidores:<\/strong> nuestra red de agentes\/distribuidores se encarga de la prospecci\u00f3n comercial y del seguimiento cotidiano de la relaci\u00f3n comercial. A este respecto, los agentes pueden recopilar determinados datos personales suyos en el marco de sus misiones, como sus datos de contacto (apellido, nombre, direcci\u00f3n de correo electr\u00f3nico, n\u00famero de tel\u00e9fono), as\u00ed como informaci\u00f3n relativa a sus necesidades o intereses comerciales. Esta informaci\u00f3n se transmite posteriormente a LEC con el fin de garantizar la continuidad de la relaci\u00f3n comercial y el seguimiento de sus solicitudes.<\/li>\n<\/ul>\n<\/div><\/div>\n\n\n<div style=\"height:50px\" aria-hidden=\"true\" class=\"wp-block-spacer\"><\/div>\n\n\n<div class=\"row\"><div class=\"col-12 col-xl-10 offset-xl-1 heading\">\n<h2 class=\"wp-block-heading\"><span>Los destinatarios de sus datos personales<\/span><\/h2>\n<\/div><\/div>\n\n<div class=\"row\"><div class=\"col-12 col-xl-10 offset-xl-1 paragraph\">\n<p>Sus datos est\u00e1n destinados a los colaboradores autorizados de LEC encargados de la gesti\u00f3n y ejecuci\u00f3n de los contratos y de las obligaciones legales, en funci\u00f3n de los fines de la recopilaci\u00f3n y dentro del l\u00edmite de sus respectivas atribuciones.<\/p>\n<\/div><\/div>\n\n<div class=\"row\"><div class=\"col-12 col-xl-10 offset-xl-1 paragraph\">\n<p>Podr\u00e1n comunicarse, para determinadas tareas vinculadas a los fines y dentro del l\u00edmite de sus respectivas misiones y autorizaciones, a los siguientes destinatarios:<\/p>\n<\/div><\/div>\n\n<div class=\"row\"><div class=\"col-12 col-xl-10 offset-xl-1 list\">\n<ul class=\"wp-block-list\">\n<li>Entidades del Grupo Ragni en el marco de la externalizaci\u00f3n de actividades a otra entidad del grupo (en particular, el env\u00edo de comunicaciones);<\/li>\n\n\n\n<li>Nuestra red de agentes comerciales\/distribuidores;<\/li>\n\n\n\n<li>Prestadores de servicios a los que recurrimos para realizar un conjunto de operaciones y tareas en nuestro nombre, en particular:<\/li>\n\n\n\n<li>Gesti\u00f3n del transporte de los pedidos<\/li>\n\n\n\n<li>An\u00e1lisis de la audiencia del sitio web<\/li>\n\n\n\n<li>Alojamiento de datos<\/li>\n\n\n\n<li>Prospecci\u00f3n comercial<\/li>\n\n\n\n<li>Gesti\u00f3n del servicio posventa<\/li>\n\n\n\n<li>Autoridades p\u00fablicas debidamente autorizadas (judiciales, de control, etc.), en el marco de nuestras obligaciones legales y reglamentarias;<\/li>\n\n\n\n<li>Profesiones reguladas (abogados, agentes judiciales, etc.) que puedan intervenir en el marco de la aplicaci\u00f3n de garant\u00edas, el cobro de deudas o los procedimientos contenciosos.<\/li>\n<\/ul>\n<\/div><\/div>\n\n<div class=\"row\"><div class=\"col-12 col-xl-10 offset-xl-1 paragraph\">\n<p>Cuando sus datos se comunican a nuestros prestadores, tambi\u00e9n se les exige que no utilicen los datos para fines distintos de los inicialmente previstos. Hacemos todo lo posible para asegurarnos de que estos terceros preserven la confidencialidad y la seguridad de sus datos.<\/p>\n<\/div><\/div>\n\n<div class=\"row\"><div class=\"col-12 col-xl-10 offset-xl-1 paragraph\">\n<p>En cualquier caso, solo se facilitan los datos necesarios. Hacemos todo lo posible para garantizar una comunicaci\u00f3n o transmisi\u00f3n segura de sus datos.<\/p>\n<\/div><\/div>\n\n<div class=\"row\"><div class=\"col-12 col-xl-10 offset-xl-1 paragraph\">\n<p>No vendemos sus datos.<\/p>\n<\/div><\/div>\n\n\n<div style=\"height:50px\" aria-hidden=\"true\" class=\"wp-block-spacer\"><\/div>\n\n\n<div class=\"row\"><div class=\"col-12 col-xl-10 offset-xl-1 heading\">\n<h2 class=\"wp-block-heading\"><span>Transferencia de sus datos a terceros pa\u00edses<\/span><\/h2>\n<\/div><\/div>\n\n<div class=\"row\"><div class=\"col-12 col-xl-10 offset-xl-1 paragraph\">\n<p>LEC se esfuerza por conservar los datos personales en Francia o, al menos, dentro del Espacio Econ\u00f3mico Europeo (EEE).<\/p>\n<\/div><\/div>\n\n<div class=\"row\"><div class=\"col-12 col-xl-10 offset-xl-1 paragraph\">\n<p>No obstante, es posible que los datos que recopilamos cuando utiliza nuestro sitio web o en el marco de nuestros servicios se transfieran a otros pa\u00edses. Este es el caso, por ejemplo, cuando algunos de nuestros prestadores se encuentran fuera del Espacio Econ\u00f3mico Europeo.<\/p>\n<\/div><\/div>\n\n<div class=\"row\"><div class=\"col-12 col-xl-10 offset-xl-1 paragraph\">\n<p>En caso de una transferencia de este tipo, garantizamos que se realice:<\/p>\n<\/div><\/div>\n\n<div class=\"row\"><div class=\"col-12 col-xl-10 offset-xl-1 list\">\n<ul class=\"wp-block-list\">\n<li>A un pa\u00eds que garantice un nivel de protecci\u00f3n adecuado, es decir, un nivel de protecci\u00f3n equivalente al exigido por la normativa europea;<\/li>\n\n\n\n<li>En el marco de cl\u00e1usulas contractuales tipo;<\/li>\n\n\n\n<li>En el marco de normas corporativas vinculantes.<\/li>\n<\/ul>\n<\/div><\/div>\n\n<div class=\"row\"><div class=\"col-12 col-xl-10 offset-xl-1 paragraph\">\n<p>Si desea obtener m\u00e1s informaci\u00f3n sobre estas transferencias, puede dirigir su solicitud a la direcci\u00f3n indicada en el apartado \u00ab<strong>Sus<\/strong> <strong>contactos<\/strong>\u00bb.<\/p>\n<\/div><\/div>\n\n\n<div style=\"height:50px\" aria-hidden=\"true\" class=\"wp-block-spacer\"><\/div>\n\n\n<div class=\"row\"><div class=\"col-12 col-xl-10 offset-xl-1 heading\">\n<h2 class=\"wp-block-heading\"><span>Las medidas t\u00e9cnicas y organizativas destinadas a proteger sus datos<\/span><\/h2>\n<\/div><\/div>\n\n<div class=\"row\"><div class=\"col-12 col-xl-10 offset-xl-1 paragraph\">\n<p>LEC se compromete a proteger los datos personales que recopilamos o tratamos frente a cualquier p\u00e9rdida, destrucci\u00f3n, alteraci\u00f3n, acceso o divulgaci\u00f3n no autorizados.<\/p>\n<\/div><\/div>\n\n<div class=\"row\"><div class=\"col-12 col-xl-10 offset-xl-1 paragraph\">\n<p>Para ello, aplicamos todas las medidas t\u00e9cnicas y organizativas apropiadas, en funci\u00f3n de la naturaleza de los datos y de los riesgos que entra\u00f1e su tratamiento. Estas medidas tienen por objeto preservar la seguridad y la confidencialidad de sus datos personales. Pueden incluir pr\u00e1cticas como el acceso limitado a los datos personales por parte de personas autorizadas en raz\u00f3n de sus funciones, la seudonimizaci\u00f3n o el cifrado.<\/p>\n<\/div><\/div>\n\n<div class=\"row\"><div class=\"col-12 col-xl-10 offset-xl-1 paragraph\">\n<p>Adem\u00e1s, nuestras pr\u00e1cticas, pol\u00edticas y\/o medidas de seguridad f\u00edsicas y\/o l\u00f3gicas (accesos seguros, procedimientos de autenticaci\u00f3n, copias de seguridad, software, etc.) se revisan peri\u00f3dicamente y se actualizan cuando es necesario.<\/p>\n<\/div><\/div>\n\n\n<div style=\"height:50px\" aria-hidden=\"true\" class=\"wp-block-spacer\"><\/div>\n\n\n<div class=\"row\"><div class=\"col-12 col-xl-10 offset-xl-1 heading\">\n<h2 class=\"wp-block-heading\"><span>Duraci\u00f3n de conservaci\u00f3n de sus datos personales<\/span><\/h2>\n<\/div><\/div>\n\n<div class=\"row\"><div class=\"col-12 col-xl-10 offset-xl-1 paragraph\">\n<p>Sus datos personales se conservan como m\u00ednimo durante la ejecuci\u00f3n de los tratamientos vinculados a nuestra relaci\u00f3n contractual. M\u00e1s all\u00e1 de esta relaci\u00f3n, estos plazos se ampl\u00edan para tener en cuenta las normas de prescripci\u00f3n legal y las obligaciones legales y reglamentarias de conservaci\u00f3n.<\/p>\n<\/div><\/div>\n\n<div class=\"row\"><div class=\"col-12 col-xl-10 offset-xl-1 paragraph\">\n<p>Para los prospectos, el plazo m\u00e1ximo de conservaci\u00f3n posible de los datos recopilados es de tres (3) a\u00f1os a partir del \u00faltimo contacto entre LEC y el prospecto, salvo que usted solicite la supresi\u00f3n de sus datos.<\/p>\n<\/div><\/div>\n\n<div class=\"row\"><div class=\"col-12 col-xl-10 offset-xl-1 paragraph\">\n<p>Para los candidatos no seleccionados, sus datos (en particular el CV y la informaci\u00f3n asociada) podr\u00e1n conservarse durante un plazo m\u00e1ximo de dos (2) a\u00f1os a partir del \u00faltimo contacto, salvo oposici\u00f3n por su parte.<\/p>\n<\/div><\/div>\n\n<div class=\"row\"><div class=\"col-12 col-xl-10 offset-xl-1 paragraph\">\n<p>Cuando usted ejerce sus derechos, nuestro Delegado de Protecci\u00f3n de Datos trata sus datos personales con el fin de gestionar su solicitud (tratamiento, apellido, nombre, copia del documento de identidad, naturaleza de la solicitud, respuesta proporcionada). Estos datos se conservan durante un plazo de cinco (5) a\u00f1os, a excepci\u00f3n de la copia de su documento de identidad \u2014si esta fuera requerida\u2014, que se conserva \u00fanicamente durante el tiempo necesario para realizar las verificaciones o cumplir una obligaci\u00f3n legal.<\/p>\n<\/div><\/div>\n\n<div class=\"row\"><div class=\"col-12 col-xl-10 offset-xl-1 paragraph\">\n<p>Las normas m\u00e1s detalladas sobre los plazos de conservaci\u00f3n est\u00e1n disponibles caso por caso previa solicitud en virtud del derecho de acceso (v\u00e9ase el apartado \u00ab<strong>Sus derechos sobre sus datos personales<\/strong>\u00bb).<\/p>\n<\/div><\/div>\n\n\n<div style=\"height:50px\" aria-hidden=\"true\" class=\"wp-block-spacer\"><\/div>\n\n\n<div class=\"row\"><div class=\"col-12 col-xl-10 offset-xl-1 heading\">\n<h2 class=\"wp-block-heading\"><span>Sus derechos sobre sus datos personales<\/span><\/h2>\n<\/div><\/div>\n\n<div class=\"row\"><div class=\"col-12 col-xl-10 offset-xl-1 paragraph\">\n<p>En cualquier momento, puede ejercer sus derechos ante LEC dirigi\u00e9ndose a la direcci\u00f3n indicada en el apartado \u00abSus contactos\u00bb.<\/p>\n<\/div><\/div>\n\n<div class=\"row\"><div class=\"col-12 col-xl-10 offset-xl-1 list\">\n<ul class=\"wp-block-list\">\n<li><strong>Derecho de oposici\u00f3n:<\/strong> puede solicitar que sus datos personales dejen de ser objeto de un tratamiento espec\u00edfico, salvo cuando la base legal del tratamiento sea una obligaci\u00f3n legal o la ejecuci\u00f3n de un contrato.<\/li>\n\n\n\n<li><strong>Derecho a retirar su consentimiento: <\/strong>para todos los tratamientos que requieran su consentimiento, tiene derecho a retirarlo posteriormente.<\/li>\n\n\n\n<li><strong>Derecho de acceso: <\/strong>puede solicitar a LEC el acceso a sus datos personales y a informaci\u00f3n adicional relativa a los tratamientos realizados.<\/li>\n\n\n\n<li><strong>Derecho de rectificaci\u00f3n:<\/strong> puede ejercer su derecho de rectificaci\u00f3n cuando sus datos personales sean inexactos o incompletos.<\/li>\n\n\n\n<li><strong>Derecho de supresi\u00f3n:<\/strong> puede solicitar la supresi\u00f3n de sus datos personales en cualquier momento, siempre que la finalidad perseguida haya finalizado y que los plazos legales de conservaci\u00f3n lo permitan.<\/li>\n\n\n\n<li><strong>Derecho a la limitaci\u00f3n del tratamiento:<\/strong> puede solicitar la limitaci\u00f3n del tratamiento de sus datos personales.<\/li>\n\n\n\n<li><strong>Derecho a la portabilidad de los datos: <\/strong>puede solicitar una copia de los datos personales que haya comunicado previamente en un formato estructurado.<\/li>\n\n\n\n<li><strong>Derecho a definir el destino post mortem de sus datos: <\/strong>puede indicar instrucciones relativas a la conservaci\u00f3n, supresi\u00f3n o comunicaci\u00f3n de sus datos despu\u00e9s de su fallecimiento.<\/li>\n<\/ul>\n<\/div><\/div>\n\n<div class=\"row\"><div class=\"col-12 col-xl-10 offset-xl-1 paragraph\">\n<p>Si la respuesta recibida no le satisface o en ausencia de respuesta, puede presentar una reclamaci\u00f3n ante la CNIL conforme a las modalidades indicadas en su <a href=\"https:\/\/www.cnil.fr\/en\" target=\"_blank\" rel=\"noreferrer noopener\">sitio web<\/a>.<\/p>\n<\/div><\/div>\n\n\n<div style=\"height:50px\" aria-hidden=\"true\" class=\"wp-block-spacer\"><\/div>\n\n\n<div class=\"row\"><div class=\"col-12 col-xl-10 offset-xl-1 heading\">\n<h2 class=\"wp-block-heading\"><span>Sus contactos<\/span><\/h2>\n<\/div><\/div>\n\n<div class=\"row\"><div class=\"col-12 col-xl-10 offset-xl-1 paragraph\">\n<p>Para ejercer sus derechos o para cualquier informaci\u00f3n adicional o reclamaci\u00f3n, puede ponerse en contacto con el Delegado de Protecci\u00f3n de Datos (DPO) de LEC escribiendo a <a href=\"mailto:dpo@lec.fr\">dpo@lec.fr<\/a>.<\/p>\n<\/div><\/div>\n\n<div class=\"row\"><div class=\"col-12 col-xl-10 offset-xl-1 paragraph\">\n<p>Cuando nos transmita una solicitud de ejercicio de derechos, se le pide que precise en la medida de lo posible el alcance de la solicitud, el tipo de derecho ejercido, el tratamiento de datos personales afectado y cualquier otro elemento \u00fatil, con el fin de facilitar el examen de su solicitud. Adem\u00e1s, en caso de duda razonable, podr\u00e1 solicit\u00e1rsele que justifique su identidad.<\/p>\n<\/div><\/div>\n\n<div class=\"row\"><div class=\"col-12 col-xl-10 offset-xl-1 paragraph\">\n<p>El ejercicio de sus derechos es estrictamente personal y solo se refiere al solicitante por cuenta propia, o a un tutor legal por cuenta de un menor o de un adulto protegido. No puede aplicarse a otro miembro de la familia ni a una persona que viva bajo el mismo techo sin prueba de un mandato legal.<\/p>\n<\/div><\/div>\n\n\n<div style=\"height:50px\" aria-hidden=\"true\" class=\"wp-block-spacer\"><\/div>\n\n\n<div class=\"row\"><div class=\"col-12 col-xl-10 offset-xl-1 heading\">\n<h2 class=\"wp-block-heading\"><span>Modificaci\u00f3n de la presente Pol\u00edtica<\/span><\/h2>\n<\/div><\/div>\n\n<div class=\"row\"><div class=\"col-12 col-xl-10 offset-xl-1 paragraph\">\n<p>LEC podr\u00e1 modificar la presente Pol\u00edtica de protecci\u00f3n de datos cuando sea necesario. Nos aseguraremos de que se le informe en caso de modificaci\u00f3n sustancial.<\/p>\n<\/div><\/div>\n\n<div class=\"row\"><div class=\"col-12 col-xl-10 offset-xl-1 paragraph\">\n<p><strong>Fecha de actualizaci\u00f3n: Enero de 2026<\/strong><\/p>\n<\/div><\/div>\n\n\n<div style=\"height:50px\" aria-hidden=\"true\" class=\"wp-block-spacer\"><\/div>\n","protected":false},"excerpt":{"rendered":"<p>Objetivo y \u00e1mbito de aplicaci\u00f3n de la Pol\u00edtica LEC, filial del Grupo RAGNI, concede la m\u00e1xima importancia y el mayor cuidado a la protecci\u00f3n de la vida privada y de los datos de car\u00e1cter personal, as\u00ed como al cumplimiento de las disposiciones de la legislaci\u00f3n aplicable. El Reglamento (UE) 2016\/679 de 27 de abril de [&hellip;]<\/p>\n","protected":false},"author":1,"featured_media":0,"parent":0,"menu_order":0,"comment_status":"closed","ping_status":"closed","template":"page-rgpd.php","meta":{"_acf_changed":false,"inline_featured_image":false,"footnotes":""},"class_list":["post-4561","page","type-page","status-publish","hentry"],"acf":[],"_links":{"self":[{"href":"https:\/\/www.lec.fr\/es\/wp-json\/wp\/v2\/pages\/4561","targetHints":{"allow":["GET"]}}],"collection":[{"href":"https:\/\/www.lec.fr\/es\/wp-json\/wp\/v2\/pages"}],"about":[{"href":"https:\/\/www.lec.fr\/es\/wp-json\/wp\/v2\/types\/page"}],"author":[{"embeddable":true,"href":"https:\/\/www.lec.fr\/es\/wp-json\/wp\/v2\/users\/1"}],"replies":[{"embeddable":true,"href":"https:\/\/www.lec.fr\/es\/wp-json\/wp\/v2\/comments?post=4561"}],"version-history":[{"count":1,"href":"https:\/\/www.lec.fr\/es\/wp-json\/wp\/v2\/pages\/4561\/revisions"}],"predecessor-version":[{"id":4562,"href":"https:\/\/www.lec.fr\/es\/wp-json\/wp\/v2\/pages\/4561\/revisions\/4562"}],"wp:attachment":[{"href":"https:\/\/www.lec.fr\/es\/wp-json\/wp\/v2\/media?parent=4561"}],"curies":[{"name":"wp","href":"https:\/\/api.w.org\/{rel}","templated":true}]}}