{"id":4568,"date":"2025-10-17T14:31:36","date_gmt":"2025-10-17T12:31:36","guid":{"rendered":"https:\/\/www.lec.fr\/?page_id=4568"},"modified":"2026-02-13T12:49:57","modified_gmt":"2026-02-13T11:49:57","slug":"politica-de-cookies","status":"publish","type":"page","link":"https:\/\/www.lec.fr\/es\/politica-de-cookies\/","title":{"rendered":"Pol\u00edtica de cookies"},"content":{"rendered":"<\/div>\n<div id=\"block-hero-block_1ce672ffb786f2b12d6896327a869e87\" class=\"container-fluid header_page_part px-0  block-hero\">\n        <div class=\"container\">\n        <div class=\"row\">\n            <div class=\"col-12 col-md-12 col-lg-11 col-xl-9 col-xxl-8\">\n                <nav aria-label=\"breadcrumbs\" class=\"rank-math-breadcrumb\"><p><span class=\"last\">Inicio<\/span><\/p><\/nav>                                    <h1 class=\"\">Pol\u00edtica de cookies<\/h1>\n                                \n                \n\n                            <\/div>\n        <\/div>\n\n\n    <\/div>\n<\/div>\n<div class=\"container\">\n\n\n\n\n\n<div class=\"row\"><div class=\"col-12 col-xl-10 offset-xl-1 heading\">\n<h2 class=\"wp-block-heading\"><span>\u00bfQu\u00e9 es una cookie?<\/span><\/h2>\n<\/div><\/div>\n\n<div class=\"row\"><div class=\"col-12 col-xl-10 offset-xl-1 paragraph\">\n<p>Las cookies son datos que se colocan en sus ordenadores o dispositivos m\u00f3viles. Se distinguen por sus identificadores \u00fanicos, asociados a sus ordenadores o tel\u00e9fonos. Estos le permiten no tener una mala experiencia como usuario en sus sitios web favoritos, ya que recuerdan sus acciones y preferencias. As\u00ed, no necesita indicar sus preferencias de navegaci\u00f3n en cada uso, como la ubicaci\u00f3n, la fuente o el idioma.<\/p>\n<\/div><\/div>\n\n<div class=\"row\"><div class=\"col-12 col-xl-10 offset-xl-1 paragraph\">\n<p>Estas \u00abcookies\u00bb se almacenan en su ordenador. No nos permiten identificarle; sin embargo, registran informaci\u00f3n relativa a la navegaci\u00f3n de su ordenador en el sitio web (las p\u00e1ginas que ha consultado, la fecha y la hora de la consulta, etc.), que podremos leer durante sus visitas posteriores.<\/p>\n<\/div><\/div>\n\n<div class=\"row\"><div class=\"col-12 col-xl-10 offset-xl-1 paragraph\">\n<p>Para todos los tratamientos de datos relacionados con la recopilaci\u00f3n de cookies, LEC, Sociedad por Acciones Simplificada (SAS) con un capital social de 25.000 euros, cuyo domicilio social se encuentra en 69 rue Gorge de Loup, 69009 Lyon, determina los medios y las finalidades del tratamiento. As\u00ed, LEC act\u00faa en calidad de responsable del tratamiento, en el sentido de la normativa relativa a los datos de car\u00e1cter personal y, en particular, del Reglamento (UE) 2016\/679 relativo a la protecci\u00f3n de las personas f\u00edsicas en lo que respecta al tratamiento de los datos personales y a la libre circulaci\u00f3n de estos datos.<\/p>\n<\/div><\/div>\n\n<div class=\"row\"><div class=\"col-12 col-xl-10 offset-xl-1 paragraph\">\n<p>LEC concede la mayor importancia y el mayor cuidado a la protecci\u00f3n de la vida privada y de los datos de car\u00e1cter personal, as\u00ed como al cumplimiento de las disposiciones de la normativa aplicable.<\/p>\n<\/div><\/div>\n\n<div class=\"row\"><div class=\"col-12 col-xl-10 offset-xl-1 paragraph\">\n<p>La presente pol\u00edtica de cookies (en adelante, la \u00abPol\u00edtica\u00bb) tiene por objeto proporcionarle una informaci\u00f3n sencilla y clara sobre la manera en que se recopilan sus datos a trav\u00e9s de las cookies depositadas en el sitio web.<\/p>\n<\/div><\/div>\n\n\n<div style=\"height:50px\" aria-hidden=\"true\" class=\"wp-block-spacer\"><\/div>\n\n\n<div class=\"row\"><div class=\"col-12 col-xl-10 offset-xl-1 heading\">\n<h2 class=\"wp-block-heading\"><span>\u00bfSe depositan cookies cuando navega por el sitio web?<\/span><\/h2>\n<\/div><\/div>\n\n<div class=\"row\"><div class=\"col-12 col-xl-10 offset-xl-1 paragraph\">\n<p>Durante su primera visita al sitio web, un banner le informa de la presencia de estas cookies y le invita a indicar su elecci\u00f3n. Las cookies que requieren su consentimiento conforme a la normativa solo se depositan si usted las acepta. Puede informarse y configurar las cookies en cualquier momento para aceptarlas o rechazarlas accediendo a la p\u00e1gina [Gestionar mis cookies], situada en la parte inferior de cada p\u00e1gina del sitio web, o configurando su navegador.<\/p>\n<\/div><\/div>\n\n\n<div style=\"height:50px\" aria-hidden=\"true\" class=\"wp-block-spacer\"><\/div>\n\n\n<div class=\"row\"><div class=\"col-12 col-xl-10 offset-xl-1 heading\">\n<h2 class=\"wp-block-heading\"><span>\u00bfQu\u00e9 datos se recopilan a trav\u00e9s de las cookies?<\/span><\/h2>\n<\/div><\/div>\n\n<div class=\"row\"><div class=\"col-12 col-xl-10 offset-xl-1 paragraph\">\n<p>A trav\u00e9s de las cookies pueden recopilarse todos los datos relativos a un terminal en un momento dado, en particular:<\/p>\n<\/div><\/div>\n\n<div class=\"row\"><div class=\"col-12 col-xl-10 offset-xl-1 list\">\n<ul class=\"wp-block-list\">\n<li>Uno o varios identificador(es) t\u00e9cnico(s) que permitan identificar su router de internet;<\/li>\n\n\n\n<li>La fecha, la hora y la duraci\u00f3n de la conexi\u00f3n de un terminal a un sitio web;<\/li>\n\n\n\n<li>La direcci\u00f3n de Internet de la p\u00e1gina de procedencia del terminal que accede al sitio web;<\/li>\n\n\n\n<li>El tipo de sistema operativo del terminal (por ejemplo: Windows, MacOS, Linux, Unix, etc.);<\/li>\n\n\n\n<li>El tipo y la versi\u00f3n del software de navegaci\u00f3n utilizado por el terminal (Internet Explorer, Firefox, Safari, Chrome, Opera, etc.);<\/li>\n\n\n\n<li>La marca y el modelo del terminal m\u00f3vil o de la tableta;<\/li>\n\n\n\n<li>Los posibles errores de descarga;<\/li>\n\n\n\n<li>El idioma de uso del software de navegaci\u00f3n utilizado por el terminal;<\/li>\n\n\n\n<li>Las caracter\u00edsticas de los contenidos consultados y compartidos.<\/li>\n<\/ul>\n<\/div><\/div>\n\n\n<div style=\"height:50px\" aria-hidden=\"true\" class=\"wp-block-spacer\"><\/div>\n\n\n<div class=\"row\"><div class=\"col-12 col-xl-10 offset-xl-1 heading\">\n<h2 class=\"wp-block-heading\"><span>\u00bfCu\u00e1les son las finalidades de las cookies recopiladas?<\/span><\/h2>\n<\/div><\/div>\n\n<div class=\"row\"><div class=\"col-12 col-xl-10 offset-xl-1 paragraph\">\n<p>En el sitio web, podemos depositar diferentes tipos de cookies para varias finalidades:<\/p>\n<\/div><\/div>\n\n<div class=\"row\"><div class=\"col-12 col-xl-10 offset-xl-1 list\">\n<ul class=\"wp-block-list\">\n<li><strong>Las cookies necesarias para la personalizaci\u00f3n y el funcionamiento del sitio web:<\/strong> le permiten utilizar las principales funcionalidades del sitio web y, en particular, registrar informaci\u00f3n entre dos consultas del sitio web en un mismo dispositivo, registrar identificadores de inicio de sesi\u00f3n de sesi\u00f3n o elementos de personalizaci\u00f3n de la interfaz (elecci\u00f3n del idioma o presentaci\u00f3n). No requieren su consentimiento previo.<\/li>\n\n\n\n<li><strong>Las cookies de medici\u00f3n de audiencia del sitio web:<\/strong> nos permiten conocer el uso y el rendimiento de audiencia del sitio web y mejorar su funcionamiento para nuestros visitantes, por ejemplo, establecer estad\u00edsticas y vol\u00famenes de tr\u00e1fico y de utilizaci\u00f3n de los distintos elementos que componen el sitio web (secciones y contenidos visitados, recorridos), con el fin de mejorar el inter\u00e9s y la ergonom\u00eda del sitio web.<\/li>\n<\/ul>\n<\/div><\/div>\n\n\n<figure class=\"wp-block-table\"><table class=\"has-fixed-layout\"><tbody><tr><td><strong>NOMBRE DE LA COOKIE<\/strong><\/td><td><strong>FINALIDAD<\/strong><\/td><td><strong>PLAZO DE CONSERVACI\u00d3N<\/strong><\/td><\/tr><tr><td>PHPSESSID<\/td><td>Identifica la sesi\u00f3n del usuario (formularios, inicio de sesi\u00f3n, etc.)<\/td><td>Sesi\u00f3n<\/td><\/tr><tr><td>wp-<\/td><td>Cookies de WordPress relacionadas con autenticaci\u00f3n o preferencias del usuario<\/td><td>Sesi\u00f3n<\/td><\/tr><tr><td>wpml_current_language<\/td><td>Memoriza el idioma seleccionado por el usuario<\/td><td>Sesi\u00f3n<\/td><\/tr><tr><td>moove_gdpr_popup<\/td><td>Almacena sus preferencias de consentimiento<\/td><td>6 meses<\/td><\/tr><tr><td>AEC<\/td><td>Cookie de seguridad que verifica que las solicitudes proceden del usuario<\/td><td>6 meses<\/td><\/tr><tr><td>Secure-ENID<\/td><td>Cookie de seguridad de Google para prevenir accesos fraudulentos<\/td><td>13 meses<\/td><\/tr><tr><td>SOCS<\/td><td>Almacena el estado de su consentimiento en servicios de Google<\/td><td>13 meses<\/td><\/tr><tr><td>_ga<\/td><td>Distingue usuarios para generar estad\u00edsticas (Google Analytics)<\/td><td>13 meses<\/td><\/tr><tr><td>DV<\/td><td>Cookie utilizada por Google para servicios publicitarios y medici\u00f3n de interacci\u00f3n con anuncios<\/td><td>12 meses<\/td><\/tr><\/tbody><\/table><\/figure>\n\n\n\n<div style=\"height:50px\" aria-hidden=\"true\" class=\"wp-block-spacer\"><\/div>\n\n\n<div class=\"row\"><div class=\"col-12 col-xl-10 offset-xl-1 heading\">\n<h2 class=\"wp-block-heading\"><span>\u00bfQui\u00e9n deposita las cookies en el sitio web?<\/span><\/h2>\n<\/div><\/div>\n\n<div class=\"row\"><div class=\"col-12 col-xl-10 offset-xl-1 paragraph\">\n<p>Las entidades que depositan las cookies en el sitio web son:<\/p>\n<\/div><\/div>\n\n<div class=\"row\"><div class=\"col-12 col-xl-10 offset-xl-1 list\">\n<ul class=\"wp-block-list\">\n<li>El editor del sitio web, que es LEC, y los encargados del tratamiento de LEC, es decir, los prestadores t\u00e9cnicos que tratan sus datos de navegaci\u00f3n por cuenta de LEC.<\/li>\n<\/ul>\n<\/div><\/div>\n\n\n<div style=\"height:50px\" aria-hidden=\"true\" class=\"wp-block-spacer\"><\/div>\n\n\n<div class=\"row\"><div class=\"col-12 col-xl-10 offset-xl-1 heading\">\n<h2 class=\"wp-block-heading\"><span>\u00bfC\u00f3mo configurar las cookies en los navegadores web?<\/span><\/h2>\n<\/div><\/div>\n\n<div class=\"row\"><div class=\"col-12 col-xl-10 offset-xl-1 paragraph\">\n<p>Tiene la posibilidad de configurar su navegador para aceptar o rechazar todas las cookies, eliminar las cookies peri\u00f3dicamente o ver cu\u00e1ndo se emite una cookie, su duraci\u00f3n de validez y su contenido, y rechazar su almacenamiento en su disco duro.<\/p>\n<\/div><\/div>\n\n<div class=\"row\"><div class=\"col-12 col-xl-10 offset-xl-1 paragraph\">\n<p>Puede, en cualquier momento, optar por bloquear o desactivar estas cookies configurando el navegador de internet de su ordenador, tableta o tel\u00e9fono m\u00f3vil, de conformidad con las instrucciones establecidas por su proveedor de navegador de internet. A continuaci\u00f3n, encontrar\u00e1 informaci\u00f3n m\u00e1s detallada sobre c\u00f3mo proceder a esta configuraci\u00f3n para los navegadores m\u00e1s utilizados:<\/p>\n<\/div><\/div>\n\n<div class=\"row\"><div class=\"col-12 col-xl-10 offset-xl-1 list\">\n<ul class=\"wp-block-list\">\n<li><a href=\"https:\/\/support.microsoft.com\/es-es\/windows\/consultar-y-eliminar-el-historial-de-exploraci%C3%B3n-en-internet-explorer-098ffe52-5ac9-a449-c296-c735c32c8678\" target=\"_blank\" rel=\"noreferrer noopener\">Internet Explorer<\/a><\/li>\n\n\n\n<li><a href=\"https:\/\/support.google.com\/chrome\/answer\/95647?hl=es&amp;sjid=9830027953565643075-EU\" target=\"_blank\" rel=\"noreferrer noopener\">Chrome<\/a><\/li>\n\n\n\n<li><a href=\"https:\/\/support.mozilla.org\/es\/kb\/Protecci%C3%B3n-contra-el-rastreo-mejorada-en-Firefox-para-escritorio?redirectslug=activer-desactiver-cookies-preferences&amp;redirectlocale=fr\" target=\"_blank\" rel=\"noreferrer noopener\">Firefox<\/a><\/li>\n\n\n\n<li><a href=\"https:\/\/support.apple.com\/es-es\/guide\/safari\/sfri11471\/mac\" target=\"_blank\" rel=\"noreferrer noopener\">Saf<\/a><a href=\"https:\/\/support.apple.com\/en-euro\/guide\/safari\/sfri11471\/mac\" target=\"_blank\" rel=\"noreferrer noopener\">a<\/a><a href=\"https:\/\/support.apple.com\/fr-fr\/guide\/safari\/sfri11471\/mac\" target=\"_blank\" rel=\"noreferrer noopener\">ri<\/a><\/li>\n\n\n\n<li><a href=\"https:\/\/blogs.opera.com\/tips-and-tricks\/2023\/04\/clean-browser-and-remove-trackers\/\" target=\"_blank\" rel=\"noreferrer noopener\">Opera<\/a><\/li>\n<\/ul>\n<\/div><\/div>\n\n<div class=\"row\"><div class=\"col-12 col-xl-10 offset-xl-1 paragraph\">\n<p>Tambi\u00e9n puede consultar el men\u00fa \u00abAyuda\u00bb de su navegador para saber c\u00f3mo modificar la configuraci\u00f3n relativa a las cookies.<\/p>\n<\/div><\/div>\n\n\n<div style=\"height:50px\" aria-hidden=\"true\" class=\"wp-block-spacer\"><\/div>\n\n\n<div class=\"row\"><div class=\"col-12 col-xl-10 offset-xl-1 heading\">\n<h2 class=\"wp-block-heading\"><span>\u00bfCu\u00e1les son las consecuencias del rechazo de las diferentes cookies?<\/span><\/h2>\n<\/div><\/div>\n\n<div class=\"row\"><div class=\"col-12 col-xl-10 offset-xl-1 paragraph\">\n<p>Si rechaza el almacenamiento de las cookies necesarias para el correcto funcionamiento del sitio web en su terminal o navegador, o si elimina aquellas que ya est\u00e9n almacenadas, se le informa de que su navegaci\u00f3n y su experiencia en el sitio web pueden verse limitadas. El rechazo de las cookies no necesarias para el funcionamiento del sitio web no tendr\u00e1 tal impacto. En efecto, dicho rechazo no impedir\u00e1 el acceso al sitio web ni el uso de sus funcionalidades.<\/p>\n<\/div><\/div>\n\n\n<div style=\"height:50px\" aria-hidden=\"true\" class=\"wp-block-spacer\"><\/div>\n","protected":false},"excerpt":{"rendered":"<p>\u00bfQu\u00e9 es una cookie? Las cookies son datos que se colocan en sus ordenadores o dispositivos m\u00f3viles. Se distinguen por sus identificadores \u00fanicos, asociados a sus ordenadores o tel\u00e9fonos. Estos le permiten no tener una mala experiencia como usuario en sus sitios web favoritos, ya que recuerdan sus acciones y preferencias. As\u00ed, no necesita indicar [&hellip;]<\/p>\n","protected":false},"author":1,"featured_media":0,"parent":0,"menu_order":0,"comment_status":"closed","ping_status":"closed","template":"","meta":{"_acf_changed":false,"inline_featured_image":false,"footnotes":""},"class_list":["post-4568","page","type-page","status-publish","hentry"],"acf":[],"_links":{"self":[{"href":"https:\/\/www.lec.fr\/es\/wp-json\/wp\/v2\/pages\/4568","targetHints":{"allow":["GET"]}}],"collection":[{"href":"https:\/\/www.lec.fr\/es\/wp-json\/wp\/v2\/pages"}],"about":[{"href":"https:\/\/www.lec.fr\/es\/wp-json\/wp\/v2\/types\/page"}],"author":[{"embeddable":true,"href":"https:\/\/www.lec.fr\/es\/wp-json\/wp\/v2\/users\/1"}],"replies":[{"embeddable":true,"href":"https:\/\/www.lec.fr\/es\/wp-json\/wp\/v2\/comments?post=4568"}],"version-history":[{"count":3,"href":"https:\/\/www.lec.fr\/es\/wp-json\/wp\/v2\/pages\/4568\/revisions"}],"predecessor-version":[{"id":5809,"href":"https:\/\/www.lec.fr\/es\/wp-json\/wp\/v2\/pages\/4568\/revisions\/5809"}],"wp:attachment":[{"href":"https:\/\/www.lec.fr\/es\/wp-json\/wp\/v2\/media?parent=4568"}],"curies":[{"name":"wp","href":"https:\/\/api.w.org\/{rel}","templated":true}]}}