{"id":4974,"date":"2025-10-20T15:33:59","date_gmt":"2025-10-20T13:33:59","guid":{"rendered":"https:\/\/www.lec.fr\/?page_id=4974"},"modified":"2026-01-15T15:29:21","modified_gmt":"2026-01-15T14:29:21","slug":"suscripcion-al-boletin","status":"publish","type":"page","link":"https:\/\/www.lec.fr\/es\/suscripcion-al-boletin\/","title":{"rendered":"Suscripci\u00f3n al bolet\u00edn"},"content":{"rendered":"<\/div>\n<div id=\"block-hero-block_2f9ce7e687199913313d1ab2a4dcf931\" class=\"container-fluid header_page_part px-0  block-hero\">\n        <div class=\"container\">\n        <div class=\"row\">\n            <div class=\"col-12 col-md-12 col-lg-11 col-xl-9 col-xxl-8\">\n                <nav aria-label=\"breadcrumbs\" class=\"rank-math-breadcrumb\"><p><span class=\"last\">Inicio<\/span><\/p><\/nav>                                    <h1 class=\"\">Suscripci\u00f3n a nuestro bolet\u00edn<\/h1>\n                                \n                \n\n                            <\/div>\n        <\/div>\n\n\n    <\/div>\n<\/div>\n<div class=\"container\">\n\n\n\n\n\n\n<div id=\"block-hero-block_5df2424b7f1e1ad849146d827fc89417\" class=\"container contact_info_part  block-hero\">\n    <div class=\"row\">\n        <div class=\"info_part col-12 col-xl-5 pt-5\">\n            <p class=\"address\">LEC Lyon<br \/>\r\n69 rue Gorge de Loup<br \/>\r\n69009 LYON<\/p><p class=\"phone\">\n                    <a class=\"btn mainColor bg-white btn-sm\" href=\"tel:0033437480409\">0033 4 37 48 04 09<\/a>\n                <\/p>                <div class=\"links\">\n                    <p class=\"mb-0 mt-5\">\u00bfDesea consultar el cat\u00e1logo?<\/p>\n                            <p class=\"link_part mb-4\">\n                                <a class=\"link\" href=\"https:\/\/www.calameo.com\/read\/007994869cacd72d8aeee\" target=\"\" rel=\"noopener\">Desc\u00fabralo <i class=\"icon icon-caret\"><\/i><\/a>\n                            <\/p><p class=\"mb-0 mt-5\">\u00bfBusca una ficha de producto?<\/p>\n                            <p class=\"link_part mb-4\">\n                                <a class=\"link\" href=\"https:\/\/www.lec.fr\/es\/produits\/\" target=\"\">Encu\u00e9ntrela directamente en cada p\u00e1gina de producto <i class=\"icon icon-caret\"><\/i><\/a>\n                            <\/p><p class=\"mb-0 mt-5\">\u00bfNecesita un archivo IES?<\/p>\n                            <p class=\"link_part mb-4\">\n                                <a class=\"link\" href=\"https:\/\/www.lec.fr\/es\/obtener-un-archivo-ies\/\" target=\"\">Desc\u00e1rguelo <i class=\"icon icon-caret\"><\/i><\/a>\n                            <\/p><p class=\"mb-0 mt-5\">\u00bfBusca un distribuidor o revendedor?<\/p>\n                            <p class=\"link_part mb-4\">\n                                <a class=\"link\" href=\"https:\/\/www.lec.fr\/es\/contacto\/#map\" target=\"\">Consulte nuestro mapa interactivo <i class=\"icon icon-caret\"><\/i><\/a>\n                            <\/p>                <\/div>\n                    <\/div>\n\n        <div class=\"col-12 col-xl-6 offset-xl-1 form_bloc\">\n            \n<div class=\"wpcf7 no-js\" id=\"wpcf7-f5479-o1\" lang=\"es-ES\" dir=\"ltr\" data-wpcf7-id=\"5479\">\n<div class=\"screen-reader-response\"><p role=\"status\" aria-live=\"polite\" aria-atomic=\"true\"><\/p> <ul><\/ul><\/div>\n<form action=\"\/es\/wp-json\/wp\/v2\/pages\/4974#wpcf7-f5479-o1\" method=\"post\" class=\"wpcf7-form init\" aria-label=\"Formulario de contacto\" novalidate=\"novalidate\" data-status=\"init\">\n<fieldset class=\"hidden-fields-container\"><input type=\"hidden\" name=\"_wpcf7\" value=\"5479\" \/><input type=\"hidden\" name=\"_wpcf7_version\" value=\"6.1.5\" \/><input type=\"hidden\" name=\"_wpcf7_locale\" value=\"es_ES\" \/><input type=\"hidden\" name=\"_wpcf7_unit_tag\" value=\"wpcf7-f5479-o1\" \/><input type=\"hidden\" name=\"_wpcf7_container_post\" value=\"0\" \/><input type=\"hidden\" name=\"_wpcf7_posted_data_hash\" value=\"\" \/><input type=\"hidden\" name=\"_wpcf7cf_hidden_group_fields\" value=\"[]\" \/><input type=\"hidden\" name=\"_wpcf7cf_hidden_groups\" value=\"[]\" \/><input type=\"hidden\" name=\"_wpcf7cf_visible_groups\" value=\"[]\" \/><input type=\"hidden\" name=\"_wpcf7cf_repeaters\" value=\"[]\" \/><input type=\"hidden\" name=\"_wpcf7cf_steps\" value=\"{}\" \/><input type=\"hidden\" name=\"_wpcf7cf_options\" value=\"{&quot;form_id&quot;:5479,&quot;conditions&quot;:[],&quot;settings&quot;:{&quot;animation&quot;:&quot;yes&quot;,&quot;animation_intime&quot;:200,&quot;animation_outtime&quot;:200,&quot;conditions_ui&quot;:&quot;normal&quot;,&quot;notice_dismissed&quot;:false}}\" \/><input type=\"hidden\" name=\"_wpcf7dtx_version\" value=\"5.0.4\" \/>\n<\/fieldset>\n<div class=\"row\">\n\t<div class=\"form-group col-12\">\n\t\t<p class=\"title\">Suscribirse al bolet\u00edn\n\t\t<\/p>\n\t<\/div>\n<\/div>\n<div class=\"row\">\n\t<div class=\"form-group col-12 col-md-6\">\n\t\t<p><label class=\"form-label\" for=\"nom\">Apellido *<\/label><br \/>\n<span class=\"wpcf7-form-control-wrap\" data-name=\"nom\"><input size=\"40\" maxlength=\"400\" class=\"wpcf7-form-control wpcf7-text wpcf7-validates-as-required form-control\" id=\"nom\" aria-required=\"true\" aria-invalid=\"false\" value=\"\" type=\"text\" name=\"nom\" \/><\/span>\n\t\t<\/p>\n\t<\/div>\n\t<div class=\"form-group col-12 col-md-6\">\n\t\t<p><label class=\"form-label\" for=\"prenom\">Nombre *<\/label><br \/>\n<span class=\"wpcf7-form-control-wrap\" data-name=\"prenom\"><input size=\"40\" maxlength=\"400\" class=\"wpcf7-form-control wpcf7-text wpcf7-validates-as-required form-control\" id=\"prenom\" aria-required=\"true\" aria-invalid=\"false\" value=\"\" type=\"text\" name=\"prenom\" \/><\/span>\n\t\t<\/p>\n\t<\/div>\n<\/div>\n<div class=\"row\">\n\t<div class=\"form-group col-12 col-md-6\">\n\t\t<p><label class=\"form-label\" for=\"tel\">Tel\u00e9fono<\/label><br \/>\n<span class=\"wpcf7-form-control-wrap\" data-name=\"tel\"><input size=\"40\" maxlength=\"400\" class=\"wpcf7-form-control wpcf7-text form-control\" id=\"tel\" aria-invalid=\"false\" value=\"\" type=\"text\" name=\"tel\" \/><\/span>\n\t\t<\/p>\n\t<\/div>\n\t<div class=\"form-group col-12 col-md-6\">\n\t\t<p><label class=\"form-label\" for=\"email\">Correo electr\u00f3nico *<\/label><br \/>\n<span class=\"wpcf7-form-control-wrap\" data-name=\"email\"><input size=\"40\" maxlength=\"400\" class=\"wpcf7-form-control wpcf7-email wpcf7-validates-as-required wpcf7-text wpcf7-validates-as-email form-control\" id=\"email\" aria-required=\"true\" aria-invalid=\"false\" value=\"\" type=\"email\" name=\"email\" \/><\/span>\n\t\t<\/p>\n\t<\/div>\n<\/div>\n<div class=\"row\">\n\t<div class=\"col-12 text-start\">\n\t\n\t<\/div>\n<\/div>\n<div class=\"row\">\n\t<div class=\"col-12 text-start\">\n\t\t<p><span class=\"wpcf7-form-control-wrap kc_captcha\" data-name=\"kc_captcha\"><span class=\"wpcf7-form-control wpcf7-radio\"><span class=\"captcha-image\" ><span class=\"cf7ic_instructions\">Por favor, prueba que eres humano seleccionando el<span> coche<\/span>.<\/span><label><input aria-label=\"1\" type=\"radio\" name=\"kc_captcha\" value=\"bot\" \/><svg aria-hidden=\"true\" role=\"img\" xmlns=\"http:\/\/www.w3.org\/2000\/svg\" viewBox=\"0 0 576 512\"><path fill=\"currentColor\" d=\"M488 313v143c0 13-11 24-24 24H348c-7 0-12-5-12-12V356c0-7-5-12-12-12h-72c-7 0-12 5-12 12v112c0 7-5 12-12 12H112c-13 0-24-11-24-24V313c0-4 2-7 4-10l188-154c5-4 11-4 16 0l188 154c2 3 4 6 4 10zm84-61l-84-69V44c0-6-5-12-12-12h-56c-7 0-12 6-12 12v73l-89-74a48 48 0 00-61 0L4 252c-5 4-5 12-1 17l25 31c5 5 12 5 17 1l235-193c5-4 11-4 16 0l235 193c5 5 13 4 17-1l25-31c4-6 4-13-1-17z\"\/><\/svg><\/label><label><input aria-label=\"2\" type=\"radio\" name=\"kc_captcha\" value=\"kc_human\" \/><svg aria-hidden=\"true\" role=\"img\" xmlns=\"http:\/\/www.w3.org\/2000\/svg\" viewBox=\"0 0 512 512\"><path fill=\"currentColor\" d=\"M500 168h-55l-8-21a127 127 0 00-120-83H195a127 127 0 00-120 83l-8 21H12c-8 0-14 8-11 16l8 24a12 12 0 0011 8h29a64 64 0 00-33 56v48c0 16 6 31 16 42v62c0 13 11 24 24 24h48c13 0 24-11 24-24v-40h256v40c0 13 11 24 24 24h48c13 0 24-11 24-24v-62c10-11 16-26 16-42v-48c0-24-13-45-33-56h29a12 12 0 0011-8l8-24c3-8-3-16-11-16zm-365 2c9-25 33-42 60-42h122c27 0 51 17 60 42l15 38H120l15-38zM88 328a32 32 0 010-64c18 0 48 30 48 48s-30 16-48 16zm336 0c-18 0-48 2-48-16s30-48 48-48 32 14 32 32-14 32-32 32z\"\/><\/svg><\/label><label><input aria-label=\"3\" type=\"radio\" name=\"kc_captcha\" value=\"bot\" \/><svg aria-hidden=\"true\" role=\"img\" xmlns=\"http:\/\/www.w3.org\/2000\/svg\" viewBox=\"0 0 512 512\"><path fill=\"currentColor\" d=\"M350 99c-54 0-98-35-166-35-25 0-47 4-68 12a56 56 0 004-24C118 24 95 1 66 0a56 56 0 00-34 102v386c0 13 11 24 24 24h16c13 0 24-11 24-24v-94c28-12 64-23 114-23 54 0 98 35 166 35 48 0 86-16 122-41 9-6 14-15 14-26V96c0-23-24-39-45-29-35 16-77 32-117 32z\"\/><\/svg><\/label>\r\n    <\/span>\r\n    <span style=\"display:none\">\r\n        <input type=\"text\" name=\"kc_honeypot\">\r\n    <\/span><\/span><\/span>\n\t\t<\/p>\n\t<\/div>\n<\/div>\n<div class=\"row\">\n\t<div class=\"col-12 text-center\">\n\t\t<p><input class=\"wpcf7-form-control wpcf7-submit has-spinner btn mainColor bg-gold\" type=\"submit\" value=\"Suscribirse\" \/>\n\t\t<\/p>\n\t<\/div>\n<\/div>\n<p><script>\nvar rgpdJson = {\n    type: 'geojson',\n    data: ['<p>Su direcci\u00f3n de correo electr\u00f3nico es utilizada exclusivamente por Lec Innov y el GROUPE RAGNI para enviarle el bolet\u00edn informativo del Groupe Ragni. Puede darse de baja en cualquier momento haciendo clic en el enlace de cancelaci\u00f3n de suscripci\u00f3n que figura al final del bolet\u00edn.<\/p><p>Para obtener m\u00e1s informaci\u00f3n sobre la gesti\u00f3n de sus datos y sus derechos, consulte nuestra <a href=\"https:\/\/www.lec.fr\/es\/politica-de-proteccion-de-datos\/\">pol\u00edtica de protecci\u00f3n de datos<\/a>.<\/p>'],\n};\n<\/script>\n\n            <div class=\"rgpd__block\">\n                 <div class=\"rgpd__title\">RGPD \u2013 protecci\u00f3n de datos<\/div>\n                 <div class=\"rgpd__content\"><\/div>\n            <\/div>\n<\/p><p style=\"display: none !important;\" class=\"akismet-fields-container\" data-prefix=\"_wpcf7_ak_\"><label>&#916;<textarea name=\"_wpcf7_ak_hp_textarea\" cols=\"45\" rows=\"8\" maxlength=\"100\"><\/textarea><\/label><input type=\"hidden\" id=\"ak_js_1\" name=\"_wpcf7_ak_js\" value=\"163\"\/><script>document.getElementById( \"ak_js_1\" ).setAttribute( \"value\", ( new Date() ).getTime() );<\/script><\/p><div class=\"wpcf7-response-output\" aria-hidden=\"true\"><\/div>\n<\/form>\n<\/div>\n        <\/div>\n    <\/div>\n\n<\/div>\n\n\n\n\n<div style=\"height:60px\" aria-hidden=\"true\" class=\"wp-block-spacer\"><\/div>\n","protected":false},"excerpt":{"rendered":"","protected":false},"author":1,"featured_media":0,"parent":0,"menu_order":0,"comment_status":"closed","ping_status":"closed","template":"","meta":{"_acf_changed":false,"inline_featured_image":false,"footnotes":""},"class_list":["post-4974","page","type-page","status-publish","hentry"],"acf":[],"_links":{"self":[{"href":"https:\/\/www.lec.fr\/es\/wp-json\/wp\/v2\/pages\/4974","targetHints":{"allow":["GET"]}}],"collection":[{"href":"https:\/\/www.lec.fr\/es\/wp-json\/wp\/v2\/pages"}],"about":[{"href":"https:\/\/www.lec.fr\/es\/wp-json\/wp\/v2\/types\/page"}],"author":[{"embeddable":true,"href":"https:\/\/www.lec.fr\/es\/wp-json\/wp\/v2\/users\/1"}],"replies":[{"embeddable":true,"href":"https:\/\/www.lec.fr\/es\/wp-json\/wp\/v2\/comments?post=4974"}],"version-history":[{"count":2,"href":"https:\/\/www.lec.fr\/es\/wp-json\/wp\/v2\/pages\/4974\/revisions"}],"predecessor-version":[{"id":5468,"href":"https:\/\/www.lec.fr\/es\/wp-json\/wp\/v2\/pages\/4974\/revisions\/5468"}],"wp:attachment":[{"href":"https:\/\/www.lec.fr\/es\/wp-json\/wp\/v2\/media?parent=4974"}],"curies":[{"name":"wp","href":"https:\/\/api.w.org\/{rel}","templated":true}]}}