{"id":4310,"date":"2025-09-24T17:54:40","date_gmt":"2025-09-24T15:54:40","guid":{"rendered":"https:\/\/www.lec.fr\/?post_type=product&#038;p=4310"},"modified":"2026-01-27T12:09:32","modified_gmt":"2026-01-27T11:09:32","slug":"matosinhos","status":"publish","type":"product","link":"https:\/\/www.lec.fr\/es\/producto\/matosinhos\/","title":{"rendered":"Matosinhos"},"content":{"rendered":"<p>Peque\u00f1o ojo luminoso, MATOSINHOS es un punto de balizamiento luminoso discreto y vers\u00e1til, ideal para un realce mediante iluminaci\u00f3n decorativo o de seguridad. Dise\u00f1ado para integrarse armoniosamente en distintos soportes, puede empotrarse directamente en el suelo para crear motivos luminosos, colocarse de manera regular para estructurar un recorrido o integrarse en un muro, un m\u00e1stil de iluminaci\u00f3n o cualquier otro elemento de mobiliario urbano. Con su di\u00e1metro de 17,5 mm, se fija a presi\u00f3n para una instalaci\u00f3n sencilla y duradera. Robusto (IK20) y totalmente estanco (IP68), MATOSINHOS ofrece un rendimiento fiable y una visibilidad \u00f3ptima, sean cuales sean las condiciones.<\/p>\n","protected":false},"featured_media":4315,"template":"","meta":{"_acf_changed":true,"inline_featured_image":false},"pdt-application":[540,541],"product_category":[374],"pdt-control":[394],"pdt-position":[385,387],"pdt-tags":[],"mix-chromatique":[377],"class_list":["post-4310","product","type-product","status-publish","has-post-thumbnail","hentry","pdt-application-seguridad","pdt-application-vial-y-movilidad","product_category-los-puntos","pdt-control-24-v-dc-pwm","pdt-position-empotrados","pdt-position-mastiles","mix-chromatique-balizamiento-mono"],"acf":[],"_links":{"self":[{"href":"https:\/\/www.lec.fr\/es\/wp-json\/wp\/v2\/product\/4310","targetHints":{"allow":["GET"]}}],"collection":[{"href":"https:\/\/www.lec.fr\/es\/wp-json\/wp\/v2\/product"}],"about":[{"href":"https:\/\/www.lec.fr\/es\/wp-json\/wp\/v2\/types\/product"}],"wp:featuredmedia":[{"embeddable":true,"href":"https:\/\/www.lec.fr\/es\/wp-json\/wp\/v2\/media\/4315"}],"wp:attachment":[{"href":"https:\/\/www.lec.fr\/es\/wp-json\/wp\/v2\/media?parent=4310"}],"wp:term":[{"taxonomy":"pdt-application","embeddable":true,"href":"https:\/\/www.lec.fr\/es\/wp-json\/wp\/v2\/pdt-application?post=4310"},{"taxonomy":"product_category","embeddable":true,"href":"https:\/\/www.lec.fr\/es\/wp-json\/wp\/v2\/product_category?post=4310"},{"taxonomy":"pdt-control","embeddable":true,"href":"https:\/\/www.lec.fr\/es\/wp-json\/wp\/v2\/pdt-control?post=4310"},{"taxonomy":"pdt-position","embeddable":true,"href":"https:\/\/www.lec.fr\/es\/wp-json\/wp\/v2\/pdt-position?post=4310"},{"taxonomy":"pdt-tags","embeddable":true,"href":"https:\/\/www.lec.fr\/es\/wp-json\/wp\/v2\/pdt-tags?post=4310"},{"taxonomy":"mix-chromatique","embeddable":true,"href":"https:\/\/www.lec.fr\/es\/wp-json\/wp\/v2\/mix-chromatique?post=4310"}],"curies":[{"name":"wp","href":"https:\/\/api.w.org\/{rel}","templated":true}]}}