{"id":4317,"date":"2025-09-24T17:54:34","date_gmt":"2025-09-24T15:54:34","guid":{"rendered":"https:\/\/www.lec.fr\/?post_type=product&#038;p=4317"},"modified":"2026-01-20T14:38:56","modified_gmt":"2026-01-20T13:38:56","slug":"brunei","status":"publish","type":"product","link":"https:\/\/www.lec.fr\/es\/producto\/brunei\/","title":{"rendered":"Brunei"},"content":{"rendered":"<p>El BRUNEI es una l\u00ednea empotrable concebida para realzar los espacios p\u00fablicos mediante una firma luminosa elegante y discreta. Verdadero trazo de luz, subraya los acondicionamientos con sutileza, en instalaci\u00f3n unitaria o en l\u00ednea continua, seg\u00fan la configuraci\u00f3n deseada. Totalmente personalizable en longitud, de 150 mm a 2 metros, el BRUNEI se adapta perfectamente a cada proyecto arquitect\u00f3nico. Su dise\u00f1o antivand\u00e1lico, gracias a un sistema de fijaci\u00f3n por clipado sin tornillos, garantiza una instalaci\u00f3n robusta y segura. Con sus numerosas soluciones de instalaci\u00f3n y de interconexi\u00f3n, facilita la integraci\u00f3n, ya sea en un pasamanos, para la iluminaci\u00f3n de tableros de puente, o para una iluminaci\u00f3n directa o indirecta de espacios p\u00fablicos. Sin saliente, se integra con elegancia en el entorno.<\/p>\n","protected":false},"featured_media":4328,"template":"","meta":{"_acf_changed":true,"inline_featured_image":false},"pdt-application":[539,540,541,542],"product_category":[375],"pdt-control":[389,390,394],"pdt-position":[383,385,387,386],"pdt-tags":[],"mix-chromatique":[377,378],"class_list":["post-4317","product","type-product","status-publish","has-post-thumbnail","hentry","pdt-application-puesta-en-valor","pdt-application-seguridad","pdt-application-vial-y-movilidad","pdt-application-paisajismo","product_category-las-lineas","pdt-control-230-v-ac","pdt-control-230-v-ac-0-10-v","pdt-control-24-v-dc-pwm","pdt-position-apliques","pdt-position-empotrados","pdt-position-mastiles","pdt-position-pasamanos","mix-chromatique-balizamiento-mono","mix-chromatique-balizamiento-rgb"],"acf":[],"_links":{"self":[{"href":"https:\/\/www.lec.fr\/es\/wp-json\/wp\/v2\/product\/4317","targetHints":{"allow":["GET"]}}],"collection":[{"href":"https:\/\/www.lec.fr\/es\/wp-json\/wp\/v2\/product"}],"about":[{"href":"https:\/\/www.lec.fr\/es\/wp-json\/wp\/v2\/types\/product"}],"wp:featuredmedia":[{"embeddable":true,"href":"https:\/\/www.lec.fr\/es\/wp-json\/wp\/v2\/media\/4328"}],"wp:attachment":[{"href":"https:\/\/www.lec.fr\/es\/wp-json\/wp\/v2\/media?parent=4317"}],"wp:term":[{"taxonomy":"pdt-application","embeddable":true,"href":"https:\/\/www.lec.fr\/es\/wp-json\/wp\/v2\/pdt-application?post=4317"},{"taxonomy":"product_category","embeddable":true,"href":"https:\/\/www.lec.fr\/es\/wp-json\/wp\/v2\/product_category?post=4317"},{"taxonomy":"pdt-control","embeddable":true,"href":"https:\/\/www.lec.fr\/es\/wp-json\/wp\/v2\/pdt-control?post=4317"},{"taxonomy":"pdt-position","embeddable":true,"href":"https:\/\/www.lec.fr\/es\/wp-json\/wp\/v2\/pdt-position?post=4317"},{"taxonomy":"pdt-tags","embeddable":true,"href":"https:\/\/www.lec.fr\/es\/wp-json\/wp\/v2\/pdt-tags?post=4317"},{"taxonomy":"mix-chromatique","embeddable":true,"href":"https:\/\/www.lec.fr\/es\/wp-json\/wp\/v2\/mix-chromatique?post=4317"}],"curies":[{"name":"wp","href":"https:\/\/api.w.org\/{rel}","templated":true}]}}