{"id":4337,"date":"2025-09-24T17:54:40","date_gmt":"2025-09-24T15:54:40","guid":{"rendered":"https:\/\/www.lec.fr\/?post_type=product&#038;p=4337"},"modified":"2026-01-27T15:24:46","modified_gmt":"2026-01-27T14:24:46","slug":"opera","status":"publish","type":"product","link":"https:\/\/www.lec.fr\/es\/producto\/opera\/","title":{"rendered":"Opera"},"content":{"rendered":"<p>Con su dise\u00f1o depurado y discreto, el proyector OPERA est\u00e1 concebido para realzar la arquitectura mediante una l\u00ednea de luz continua, ofreciendo una difusi\u00f3n de 180\u00b0. Alimentado en 24 V DC o 230 V AC, est\u00e1 disponible en versi\u00f3n de entrada simple o entrada\/salida para adaptarse a las distintas configuraciones de instalaci\u00f3n. Su anodizado negro le confiere una perfecta discreci\u00f3n, y tambi\u00e9n es posible un acabado pintado a medida. Gracias a su \u00f3ptica de 180 x 4\u00b0, OPERA pone en valor cada detalle arquitect\u00f3nico con precisi\u00f3n y elegancia, creando juegos de luz sutiles en fachadas, bordes de ventanas o pasajes cubiertos.<\/p>\n","protected":false},"featured_media":4345,"template":"","meta":{"_acf_changed":true,"inline_featured_image":false},"pdt-application":[539,540],"product_category":[376],"pdt-control":[389,394],"pdt-position":[383],"pdt-tags":[],"mix-chromatique":[380],"class_list":["post-4337","product","type-product","status-publish","has-post-thumbnail","hentry","pdt-application-puesta-en-valor","pdt-application-seguridad","product_category-los-extras","pdt-control-230-v-ac","pdt-control-24-v-dc-pwm","pdt-position-apliques","mix-chromatique-iluminacion-mono"],"acf":[],"_links":{"self":[{"href":"https:\/\/www.lec.fr\/es\/wp-json\/wp\/v2\/product\/4337","targetHints":{"allow":["GET"]}}],"collection":[{"href":"https:\/\/www.lec.fr\/es\/wp-json\/wp\/v2\/product"}],"about":[{"href":"https:\/\/www.lec.fr\/es\/wp-json\/wp\/v2\/types\/product"}],"wp:featuredmedia":[{"embeddable":true,"href":"https:\/\/www.lec.fr\/es\/wp-json\/wp\/v2\/media\/4345"}],"wp:attachment":[{"href":"https:\/\/www.lec.fr\/es\/wp-json\/wp\/v2\/media?parent=4337"}],"wp:term":[{"taxonomy":"pdt-application","embeddable":true,"href":"https:\/\/www.lec.fr\/es\/wp-json\/wp\/v2\/pdt-application?post=4337"},{"taxonomy":"product_category","embeddable":true,"href":"https:\/\/www.lec.fr\/es\/wp-json\/wp\/v2\/product_category?post=4337"},{"taxonomy":"pdt-control","embeddable":true,"href":"https:\/\/www.lec.fr\/es\/wp-json\/wp\/v2\/pdt-control?post=4337"},{"taxonomy":"pdt-position","embeddable":true,"href":"https:\/\/www.lec.fr\/es\/wp-json\/wp\/v2\/pdt-position?post=4337"},{"taxonomy":"pdt-tags","embeddable":true,"href":"https:\/\/www.lec.fr\/es\/wp-json\/wp\/v2\/pdt-tags?post=4337"},{"taxonomy":"mix-chromatique","embeddable":true,"href":"https:\/\/www.lec.fr\/es\/wp-json\/wp\/v2\/mix-chromatique?post=4337"}],"curies":[{"name":"wp","href":"https:\/\/api.w.org\/{rel}","templated":true}]}}