{"id":4348,"date":"2025-09-24T17:54:34","date_gmt":"2025-09-24T15:54:34","guid":{"rendered":"https:\/\/www.lec.fr\/?post_type=product&#038;p=4348"},"modified":"2026-01-20T14:39:22","modified_gmt":"2026-01-20T13:39:22","slug":"button-b","status":"publish","type":"product","link":"https:\/\/www.lec.fr\/es\/producto\/button-b\/","title":{"rendered":"Button B"},"content":{"rendered":"<p>Ideal para la iluminaci\u00f3n de recorridos peatonales y ciclistas, BUTTON B es un punto luminoso discreto. Sin saliente, est\u00e1 dise\u00f1ado para integrarse perfectamente en un pasamanos de \u00d8 48 mm. Su \u00f3ptica MB4, inclinada a 45\u00b0 respecto a la horizontal y dispuesta cada 4 metros, garantiza una visibilidad \u00f3ptima respetando la normativa PMR. Robusto y duradero, est\u00e1 fabricado en aluminio anodizado incoloro con una ventana de policarbonato tratado anti-UV y antirrayaduras.<\/p>\n","protected":false},"featured_media":4357,"template":"","meta":{"_acf_changed":true,"inline_featured_image":false},"pdt-application":[540,542],"product_category":[374],"pdt-control":[394],"pdt-position":[386],"pdt-tags":[],"mix-chromatique":[380],"class_list":["post-4348","product","type-product","status-publish","has-post-thumbnail","hentry","pdt-application-seguridad","pdt-application-paisajismo","product_category-los-puntos","pdt-control-24-v-dc-pwm","pdt-position-pasamanos","mix-chromatique-iluminacion-mono"],"acf":[],"_links":{"self":[{"href":"https:\/\/www.lec.fr\/es\/wp-json\/wp\/v2\/product\/4348","targetHints":{"allow":["GET"]}}],"collection":[{"href":"https:\/\/www.lec.fr\/es\/wp-json\/wp\/v2\/product"}],"about":[{"href":"https:\/\/www.lec.fr\/es\/wp-json\/wp\/v2\/types\/product"}],"wp:featuredmedia":[{"embeddable":true,"href":"https:\/\/www.lec.fr\/es\/wp-json\/wp\/v2\/media\/4357"}],"wp:attachment":[{"href":"https:\/\/www.lec.fr\/es\/wp-json\/wp\/v2\/media?parent=4348"}],"wp:term":[{"taxonomy":"pdt-application","embeddable":true,"href":"https:\/\/www.lec.fr\/es\/wp-json\/wp\/v2\/pdt-application?post=4348"},{"taxonomy":"product_category","embeddable":true,"href":"https:\/\/www.lec.fr\/es\/wp-json\/wp\/v2\/product_category?post=4348"},{"taxonomy":"pdt-control","embeddable":true,"href":"https:\/\/www.lec.fr\/es\/wp-json\/wp\/v2\/pdt-control?post=4348"},{"taxonomy":"pdt-position","embeddable":true,"href":"https:\/\/www.lec.fr\/es\/wp-json\/wp\/v2\/pdt-position?post=4348"},{"taxonomy":"pdt-tags","embeddable":true,"href":"https:\/\/www.lec.fr\/es\/wp-json\/wp\/v2\/pdt-tags?post=4348"},{"taxonomy":"mix-chromatique","embeddable":true,"href":"https:\/\/www.lec.fr\/es\/wp-json\/wp\/v2\/mix-chromatique?post=4348"}],"curies":[{"name":"wp","href":"https:\/\/api.w.org\/{rel}","templated":true}]}}