{"id":4358,"date":"2025-09-24T17:54:34","date_gmt":"2025-09-24T15:54:34","guid":{"rendered":"https:\/\/www.lec.fr\/?post_type=product&#038;p=4358"},"modified":"2026-01-27T14:15:57","modified_gmt":"2026-01-27T13:15:57","slug":"lignon","status":"publish","type":"product","link":"https:\/\/www.lec.fr\/es\/producto\/lignon\/","title":{"rendered":"Lignon"},"content":{"rendered":"<p>Dise\u00f1ada para instalarse en aplique o fijarse sobre cualquier tipo de soporte arquitect\u00f3nico, LIGNON es una l\u00ednea vers\u00e1til. Fabricable a la longitud deseada, de 13 cm a 200 cm, permite una instalaci\u00f3n individual o en l\u00ednea continua para una iluminaci\u00f3n fluida y sin interrupciones. Su perfil de policarbonato ligeramente difusor evita el deslumbramiento, mientras que el ensamblaje clipado con el perfil de aluminio permite una orientaci\u00f3n precisa del flujo luminoso. La ranura integrada facilita el ajuste de las fijaciones mediante tuercas, garantizando una instalaci\u00f3n sencilla y estable. Gracias a una amplia gama de pletinas de fijaci\u00f3n, LIGNON se adapta perfectamente a cornisas, muros, bancos o mobiliario urbano. Su salida de cable discreta, alineada con el eje, refuerza su integraci\u00f3n elegante en el espacio.<\/p>\n","protected":false},"featured_media":3153,"template":"","meta":{"_acf_changed":true,"inline_featured_image":false},"pdt-application":[540,541],"product_category":[375],"pdt-control":[390,394],"pdt-position":[383],"pdt-tags":[],"mix-chromatique":[377],"class_list":["post-4358","product","type-product","status-publish","has-post-thumbnail","hentry","pdt-application-seguridad","pdt-application-vial-y-movilidad","product_category-las-lineas","pdt-control-230-v-ac-0-10-v","pdt-control-24-v-dc-pwm","pdt-position-apliques","mix-chromatique-balizamiento-mono"],"acf":[],"_links":{"self":[{"href":"https:\/\/www.lec.fr\/es\/wp-json\/wp\/v2\/product\/4358","targetHints":{"allow":["GET"]}}],"collection":[{"href":"https:\/\/www.lec.fr\/es\/wp-json\/wp\/v2\/product"}],"about":[{"href":"https:\/\/www.lec.fr\/es\/wp-json\/wp\/v2\/types\/product"}],"wp:featuredmedia":[{"embeddable":true,"href":"https:\/\/www.lec.fr\/es\/wp-json\/wp\/v2\/media\/3153"}],"wp:attachment":[{"href":"https:\/\/www.lec.fr\/es\/wp-json\/wp\/v2\/media?parent=4358"}],"wp:term":[{"taxonomy":"pdt-application","embeddable":true,"href":"https:\/\/www.lec.fr\/es\/wp-json\/wp\/v2\/pdt-application?post=4358"},{"taxonomy":"product_category","embeddable":true,"href":"https:\/\/www.lec.fr\/es\/wp-json\/wp\/v2\/product_category?post=4358"},{"taxonomy":"pdt-control","embeddable":true,"href":"https:\/\/www.lec.fr\/es\/wp-json\/wp\/v2\/pdt-control?post=4358"},{"taxonomy":"pdt-position","embeddable":true,"href":"https:\/\/www.lec.fr\/es\/wp-json\/wp\/v2\/pdt-position?post=4358"},{"taxonomy":"pdt-tags","embeddable":true,"href":"https:\/\/www.lec.fr\/es\/wp-json\/wp\/v2\/pdt-tags?post=4358"},{"taxonomy":"mix-chromatique","embeddable":true,"href":"https:\/\/www.lec.fr\/es\/wp-json\/wp\/v2\/mix-chromatique?post=4358"}],"curies":[{"name":"wp","href":"https:\/\/api.w.org\/{rel}","templated":true}]}}