{"id":4359,"date":"2025-09-24T17:54:40","date_gmt":"2025-09-24T15:54:40","guid":{"rendered":"https:\/\/www.lec.fr\/?post_type=product&#038;p=4359"},"modified":"2026-04-02T13:33:42","modified_gmt":"2026-04-02T11:33:42","slug":"luminy-2","status":"publish","type":"product","link":"https:\/\/www.lec.fr\/es\/producto\/luminy-2\/","title":{"rendered":"Luminy 2"},"content":{"rendered":"<div class=\"row\"><div class=\"col-12 col-xl-10 offset-xl-1 paragraph\">\n<p>LUMINY 2 es la versi\u00f3n intermedia de la gama de proyectores, que ofrece una gran flexibilidad de instalaci\u00f3n. Esta luminaria est\u00e1 dise\u00f1ada para poner en valor detalles arquitect\u00f3nicos, as\u00ed como para iluminar recorridos, callejones o mobiliario urbano con elegancia y precisi\u00f3n. La opci\u00f3n de pintura termolacada est\u00e1 disponible bajo pedido, lo que permite una personalizaci\u00f3n est\u00e9tica en armon\u00eda con su entorno. Adem\u00e1s, LUMINY 2 ofrece una opci\u00f3n de cuadracrom\u00eda para efectos luminosos a\u00fan m\u00e1s din\u00e1micos y personalizados, convirti\u00e9ndolo en una soluci\u00f3n ideal para todas sus aplicaciones de iluminaci\u00f3n. Para un confort visual \u00f3ptimo, tambi\u00e9n est\u00e1 disponible un accesorio de corte de flujo, que permite controlar las emisiones luminosas y reducir el deslumbramiento en zonas sensibles.<\/p>\n<\/div><\/div>","protected":false},"featured_media":3174,"template":"","meta":{"_acf_changed":true,"inline_featured_image":false},"pdt-application":[539,540,542],"product_category":[373],"pdt-control":[389,391,393,394],"pdt-position":[383,387],"pdt-tags":[],"mix-chromatique":[380,382],"class_list":["post-4359","product","type-product","status-publish","has-post-thumbnail","hentry","pdt-application-puesta-en-valor","pdt-application-seguridad","pdt-application-paisajismo","product_category-los-spots","pdt-control-230-v-ac","pdt-control-230-v-ac-dali","pdt-control-24-v-dc-dali","pdt-control-24-v-dc-pwm","pdt-position-apliques","pdt-position-mastiles","mix-chromatique-iluminacion-mono","mix-chromatique-iluminacion-rgbw"],"acf":[],"_links":{"self":[{"href":"https:\/\/www.lec.fr\/es\/wp-json\/wp\/v2\/product\/4359","targetHints":{"allow":["GET"]}}],"collection":[{"href":"https:\/\/www.lec.fr\/es\/wp-json\/wp\/v2\/product"}],"about":[{"href":"https:\/\/www.lec.fr\/es\/wp-json\/wp\/v2\/types\/product"}],"wp:featuredmedia":[{"embeddable":true,"href":"https:\/\/www.lec.fr\/es\/wp-json\/wp\/v2\/media\/3174"}],"wp:attachment":[{"href":"https:\/\/www.lec.fr\/es\/wp-json\/wp\/v2\/media?parent=4359"}],"wp:term":[{"taxonomy":"pdt-application","embeddable":true,"href":"https:\/\/www.lec.fr\/es\/wp-json\/wp\/v2\/pdt-application?post=4359"},{"taxonomy":"product_category","embeddable":true,"href":"https:\/\/www.lec.fr\/es\/wp-json\/wp\/v2\/product_category?post=4359"},{"taxonomy":"pdt-control","embeddable":true,"href":"https:\/\/www.lec.fr\/es\/wp-json\/wp\/v2\/pdt-control?post=4359"},{"taxonomy":"pdt-position","embeddable":true,"href":"https:\/\/www.lec.fr\/es\/wp-json\/wp\/v2\/pdt-position?post=4359"},{"taxonomy":"pdt-tags","embeddable":true,"href":"https:\/\/www.lec.fr\/es\/wp-json\/wp\/v2\/pdt-tags?post=4359"},{"taxonomy":"mix-chromatique","embeddable":true,"href":"https:\/\/www.lec.fr\/es\/wp-json\/wp\/v2\/mix-chromatique?post=4359"}],"curies":[{"name":"wp","href":"https:\/\/api.w.org\/{rel}","templated":true}]}}