{"id":4360,"date":"2025-09-24T17:54:40","date_gmt":"2025-09-24T15:54:40","guid":{"rendered":"https:\/\/www.lec.fr\/?post_type=product&#038;p=4360"},"modified":"2026-01-20T14:39:50","modified_gmt":"2026-01-20T13:39:50","slug":"savoie","status":"publish","type":"product","link":"https:\/\/www.lec.fr\/es\/producto\/savoie\/","title":{"rendered":"Savoie"},"content":{"rendered":"<p>SAVOIE es una baliza mural dise\u00f1ada para el jalonamiento y el balizamiento de seguridad, especialmente en entornos exigentes como los t\u00faneles. Su forma aerodin\u00e1mica limita de manera natural la acumulaci\u00f3n de part\u00edculas y facilita la limpieza con agua, garantizando as\u00ed un mantenimiento sencillo y una visibilidad \u00f3ptima a lo largo del tiempo. Dotada de un difusor luminoso de policarbonato tratado anti-UV y antirrayaduras y de un fondo de acero inoxidable, SAVOIE asegura una emisi\u00f3n luminosa homog\u00e9nea y eficaz, al tiempo que resiste las atm\u00f3sferas corrosivas propias de las infraestructuras subterr\u00e1neas. Gracias a su haz luminoso orientado a 45\u00b0 respecto al eje, ofrece una se\u00f1alizaci\u00f3n clara y precisa de los recorridos, tanto peatonales como viarios. Disponible opcionalmente con cable de seguridad ign\u00edfugo CR1-C1, SAVOIE combina seguridad, durabilidad y facilidad de integraci\u00f3n.<\/p>\n","protected":false},"featured_media":4363,"template":"","meta":{"_acf_changed":true,"inline_featured_image":false},"pdt-application":[540,541],"product_category":[376],"pdt-control":[389,394],"pdt-position":[383],"pdt-tags":[],"mix-chromatique":[377],"class_list":["post-4360","product","type-product","status-publish","has-post-thumbnail","hentry","pdt-application-seguridad","pdt-application-vial-y-movilidad","product_category-los-extras","pdt-control-230-v-ac","pdt-control-24-v-dc-pwm","pdt-position-apliques","mix-chromatique-balizamiento-mono"],"acf":[],"_links":{"self":[{"href":"https:\/\/www.lec.fr\/es\/wp-json\/wp\/v2\/product\/4360","targetHints":{"allow":["GET"]}}],"collection":[{"href":"https:\/\/www.lec.fr\/es\/wp-json\/wp\/v2\/product"}],"about":[{"href":"https:\/\/www.lec.fr\/es\/wp-json\/wp\/v2\/types\/product"}],"wp:featuredmedia":[{"embeddable":true,"href":"https:\/\/www.lec.fr\/es\/wp-json\/wp\/v2\/media\/4363"}],"wp:attachment":[{"href":"https:\/\/www.lec.fr\/es\/wp-json\/wp\/v2\/media?parent=4360"}],"wp:term":[{"taxonomy":"pdt-application","embeddable":true,"href":"https:\/\/www.lec.fr\/es\/wp-json\/wp\/v2\/pdt-application?post=4360"},{"taxonomy":"product_category","embeddable":true,"href":"https:\/\/www.lec.fr\/es\/wp-json\/wp\/v2\/product_category?post=4360"},{"taxonomy":"pdt-control","embeddable":true,"href":"https:\/\/www.lec.fr\/es\/wp-json\/wp\/v2\/pdt-control?post=4360"},{"taxonomy":"pdt-position","embeddable":true,"href":"https:\/\/www.lec.fr\/es\/wp-json\/wp\/v2\/pdt-position?post=4360"},{"taxonomy":"pdt-tags","embeddable":true,"href":"https:\/\/www.lec.fr\/es\/wp-json\/wp\/v2\/pdt-tags?post=4360"},{"taxonomy":"mix-chromatique","embeddable":true,"href":"https:\/\/www.lec.fr\/es\/wp-json\/wp\/v2\/mix-chromatique?post=4360"}],"curies":[{"name":"wp","href":"https:\/\/api.w.org\/{rel}","templated":true}]}}