{"id":4366,"date":"2025-09-24T17:54:34","date_gmt":"2025-09-24T15:54:34","guid":{"rendered":"https:\/\/www.lec.fr\/?post_type=product&#038;p=4366"},"modified":"2026-01-20T14:39:59","modified_gmt":"2026-01-20T13:39:59","slug":"bourgogne","status":"publish","type":"product","link":"https:\/\/www.lec.fr\/es\/producto\/bourgogne\/","title":{"rendered":"Bourgogne"},"content":{"rendered":"<p>BOURGOGNE es la versi\u00f3n \u00ab mini \u00bb de la gama de empotrables redondos enrasados, concebida para combinar discreci\u00f3n y eficacia luminosa. Dise\u00f1ado para aplicaciones de iluminaci\u00f3n y balizamiento, este peque\u00f1o punto luminoso se integra con sutileza en el espacio, sin comprometer la est\u00e9tica de los lugares. BOURGOGNE encuentra naturalmente su lugar tanto en instalaci\u00f3n mural como en instalaci\u00f3n en el suelo para el acondicionamiento de plazas y espacios p\u00fablicos. Gracias a sus tres dimensiones de cajas de empotramiento, se adapta f\u00e1cilmente a las limitaciones t\u00e9cnicas y arquitect\u00f3nicas, garantizando al mismo tiempo una instalaci\u00f3n sencilla y duradera. Vers\u00e1til, robusto y elegante, BOURGOGNE ofrece un balizamiento seguro y un realce mediante iluminaci\u00f3n sutil que pone en valor cada entorno, de d\u00eda como de noche.<\/p>\n","protected":false},"featured_media":3224,"template":"","meta":{"_acf_changed":true,"inline_featured_image":false},"pdt-application":[540,541],"product_category":[374],"pdt-control":[394],"pdt-position":[384,385,387],"pdt-tags":[],"mix-chromatique":[377,378,380],"class_list":["post-4366","product","type-product","status-publish","has-post-thumbnail","hentry","pdt-application-seguridad","pdt-application-vial-y-movilidad","product_category-los-puntos","pdt-control-24-v-dc-pwm","pdt-position-bolardos","pdt-position-empotrados","pdt-position-mastiles","mix-chromatique-balizamiento-mono","mix-chromatique-balizamiento-rgb","mix-chromatique-iluminacion-mono"],"acf":[],"_links":{"self":[{"href":"https:\/\/www.lec.fr\/es\/wp-json\/wp\/v2\/product\/4366","targetHints":{"allow":["GET"]}}],"collection":[{"href":"https:\/\/www.lec.fr\/es\/wp-json\/wp\/v2\/product"}],"about":[{"href":"https:\/\/www.lec.fr\/es\/wp-json\/wp\/v2\/types\/product"}],"wp:featuredmedia":[{"embeddable":true,"href":"https:\/\/www.lec.fr\/es\/wp-json\/wp\/v2\/media\/3224"}],"wp:attachment":[{"href":"https:\/\/www.lec.fr\/es\/wp-json\/wp\/v2\/media?parent=4366"}],"wp:term":[{"taxonomy":"pdt-application","embeddable":true,"href":"https:\/\/www.lec.fr\/es\/wp-json\/wp\/v2\/pdt-application?post=4366"},{"taxonomy":"product_category","embeddable":true,"href":"https:\/\/www.lec.fr\/es\/wp-json\/wp\/v2\/product_category?post=4366"},{"taxonomy":"pdt-control","embeddable":true,"href":"https:\/\/www.lec.fr\/es\/wp-json\/wp\/v2\/pdt-control?post=4366"},{"taxonomy":"pdt-position","embeddable":true,"href":"https:\/\/www.lec.fr\/es\/wp-json\/wp\/v2\/pdt-position?post=4366"},{"taxonomy":"pdt-tags","embeddable":true,"href":"https:\/\/www.lec.fr\/es\/wp-json\/wp\/v2\/pdt-tags?post=4366"},{"taxonomy":"mix-chromatique","embeddable":true,"href":"https:\/\/www.lec.fr\/es\/wp-json\/wp\/v2\/mix-chromatique?post=4366"}],"curies":[{"name":"wp","href":"https:\/\/api.w.org\/{rel}","templated":true}]}}