{"id":4368,"date":"2025-09-24T17:54:40","date_gmt":"2025-09-24T15:54:40","guid":{"rendered":"https:\/\/www.lec.fr\/?post_type=product&#038;p=4368"},"modified":"2026-01-20T14:40:08","modified_gmt":"2026-01-20T13:40:08","slug":"school-light","status":"publish","type":"product","link":"https:\/\/www.lec.fr\/es\/producto\/school-light\/","title":{"rendered":"School-Light"},"content":{"rendered":"<p>Concebido para una integraci\u00f3n elegante y discreta, SCHOOL-LIGHT es un proyector para pasamano dise\u00f1ado para insertarse perfectamente en una barandilla de acero inoxidable a medida. Su dise\u00f1o sobrio y cuidado se combina con una amplia gama de \u00f3pticas, ofreciendo una gran flexibilidad para adaptarse a diversas configuraciones de iluminaci\u00f3n. Ya sea para iluminar un paso peatonal, acompa\u00f1ar un recorrido ciclista o asegurar una calzada, SCHOOL-LIGHT combina rendimiento lum\u00ednico e integraci\u00f3n sin saliente, para acondicionamientos a la vez est\u00e9ticos y funcionales.<\/p>\n","protected":false},"featured_media":3255,"template":"","meta":{"_acf_changed":true,"inline_featured_image":false},"pdt-application":[540,542],"product_category":[375],"pdt-control":[394],"pdt-position":[386],"pdt-tags":[],"mix-chromatique":[380,381],"class_list":["post-4368","product","type-product","status-publish","has-post-thumbnail","hentry","pdt-application-seguridad","pdt-application-paisajismo","product_category-las-lineas","pdt-control-24-v-dc-pwm","pdt-position-pasamanos","mix-chromatique-iluminacion-mono","mix-chromatique-iluminacion-rgb"],"acf":[],"_links":{"self":[{"href":"https:\/\/www.lec.fr\/es\/wp-json\/wp\/v2\/product\/4368","targetHints":{"allow":["GET"]}}],"collection":[{"href":"https:\/\/www.lec.fr\/es\/wp-json\/wp\/v2\/product"}],"about":[{"href":"https:\/\/www.lec.fr\/es\/wp-json\/wp\/v2\/types\/product"}],"wp:featuredmedia":[{"embeddable":true,"href":"https:\/\/www.lec.fr\/es\/wp-json\/wp\/v2\/media\/3255"}],"wp:attachment":[{"href":"https:\/\/www.lec.fr\/es\/wp-json\/wp\/v2\/media?parent=4368"}],"wp:term":[{"taxonomy":"pdt-application","embeddable":true,"href":"https:\/\/www.lec.fr\/es\/wp-json\/wp\/v2\/pdt-application?post=4368"},{"taxonomy":"product_category","embeddable":true,"href":"https:\/\/www.lec.fr\/es\/wp-json\/wp\/v2\/product_category?post=4368"},{"taxonomy":"pdt-control","embeddable":true,"href":"https:\/\/www.lec.fr\/es\/wp-json\/wp\/v2\/pdt-control?post=4368"},{"taxonomy":"pdt-position","embeddable":true,"href":"https:\/\/www.lec.fr\/es\/wp-json\/wp\/v2\/pdt-position?post=4368"},{"taxonomy":"pdt-tags","embeddable":true,"href":"https:\/\/www.lec.fr\/es\/wp-json\/wp\/v2\/pdt-tags?post=4368"},{"taxonomy":"mix-chromatique","embeddable":true,"href":"https:\/\/www.lec.fr\/es\/wp-json\/wp\/v2\/mix-chromatique?post=4368"}],"curies":[{"name":"wp","href":"https:\/\/api.w.org\/{rel}","templated":true}]}}