{"id":4369,"date":"2025-09-30T12:16:58","date_gmt":"2025-09-30T10:16:58","guid":{"rendered":"https:\/\/www.lec.fr\/?post_type=product&#038;p=4369"},"modified":"2026-04-02T13:37:51","modified_gmt":"2026-04-02T11:37:51","slug":"luminy-4","status":"publish","type":"product","link":"https:\/\/www.lec.fr\/es\/producto\/luminy-4\/","title":{"rendered":"Luminy 4"},"content":{"rendered":"<div class=\"row\"><div class=\"col-12 col-xl-10 offset-xl-1 paragraph\">\n<p>LUMINY 4 es la versi\u00f3n \u00ab maxi \u00bb de la gama de focos, ofreciendo una gran flexibilidad de instalaci\u00f3n. Esta luminaria puede instalarse en el suelo, en aplique o sobre m\u00e1stiles, con accesorios adaptables para responder a necesidades espec\u00edficas. Es ideal para poner en valor el patrimonio arquitect\u00f3nico o para iluminar recorridos y callejones con una luz homog\u00e9nea. Se integra perfectamente en los espacios p\u00fablicos para crear una atm\u00f3sfera c\u00e1lida y segura. LUMINY 4 tambi\u00e9n ofrece opciones de personalizaci\u00f3n, como pintura termolacada bajo demanda y la opci\u00f3n de corte de flujo para controlar la iluminaci\u00f3n. La opci\u00f3n de cuadr\u00edcronom\u00eda permite jugar con los colores, y su orientaci\u00f3n en 2 o 3 ejes permite dirigir la luz con precisi\u00f3n all\u00ed donde sea necesario. Para un confort visual \u00f3ptimo, tambi\u00e9n est\u00e1 disponible un accesorio de corte de flujo, que permite controlar las emisiones luminosas y reducir el deslumbramiento en zonas sensibles.<\/p>\n<\/div><\/div>\n\n<div class=\"row\"><div class=\"col-12 col-xl-10 offset-xl-1 paragraph\">\n<p><\/p>\n<\/div><\/div>","protected":false},"featured_media":3330,"template":"","meta":{"_acf_changed":true,"inline_featured_image":false},"pdt-application":[539,540,542],"product_category":[373],"pdt-control":[390,391,393,394],"pdt-position":[383,387],"pdt-tags":[],"mix-chromatique":[380,382],"class_list":["post-4369","product","type-product","status-publish","has-post-thumbnail","hentry","pdt-application-puesta-en-valor","pdt-application-seguridad","pdt-application-paisajismo","product_category-los-spots","pdt-control-230-v-ac-0-10-v","pdt-control-230-v-ac-dali","pdt-control-24-v-dc-dali","pdt-control-24-v-dc-pwm","pdt-position-apliques","pdt-position-mastiles","mix-chromatique-iluminacion-mono","mix-chromatique-iluminacion-rgbw"],"acf":[],"_links":{"self":[{"href":"https:\/\/www.lec.fr\/es\/wp-json\/wp\/v2\/product\/4369","targetHints":{"allow":["GET"]}}],"collection":[{"href":"https:\/\/www.lec.fr\/es\/wp-json\/wp\/v2\/product"}],"about":[{"href":"https:\/\/www.lec.fr\/es\/wp-json\/wp\/v2\/types\/product"}],"wp:featuredmedia":[{"embeddable":true,"href":"https:\/\/www.lec.fr\/es\/wp-json\/wp\/v2\/media\/3330"}],"wp:attachment":[{"href":"https:\/\/www.lec.fr\/es\/wp-json\/wp\/v2\/media?parent=4369"}],"wp:term":[{"taxonomy":"pdt-application","embeddable":true,"href":"https:\/\/www.lec.fr\/es\/wp-json\/wp\/v2\/pdt-application?post=4369"},{"taxonomy":"product_category","embeddable":true,"href":"https:\/\/www.lec.fr\/es\/wp-json\/wp\/v2\/product_category?post=4369"},{"taxonomy":"pdt-control","embeddable":true,"href":"https:\/\/www.lec.fr\/es\/wp-json\/wp\/v2\/pdt-control?post=4369"},{"taxonomy":"pdt-position","embeddable":true,"href":"https:\/\/www.lec.fr\/es\/wp-json\/wp\/v2\/pdt-position?post=4369"},{"taxonomy":"pdt-tags","embeddable":true,"href":"https:\/\/www.lec.fr\/es\/wp-json\/wp\/v2\/pdt-tags?post=4369"},{"taxonomy":"mix-chromatique","embeddable":true,"href":"https:\/\/www.lec.fr\/es\/wp-json\/wp\/v2\/mix-chromatique?post=4369"}],"curies":[{"name":"wp","href":"https:\/\/api.w.org\/{rel}","templated":true}]}}