{"id":4370,"date":"2025-09-24T17:54:40","date_gmt":"2025-09-24T15:54:40","guid":{"rendered":"https:\/\/www.lec.fr\/?post_type=product&#038;p=4370"},"modified":"2026-03-05T11:08:58","modified_gmt":"2026-03-05T10:08:58","slug":"saint-raphael","status":"publish","type":"product","link":"https:\/\/www.lec.fr\/es\/producto\/saint-raphael\/","title":{"rendered":"Saint-Raphael"},"content":{"rendered":"<p>SAINT-RAPHAEL es una baliza bidireccional dise\u00f1ada para el balizamiento de emergencia de los itinerarios peatonales, en particular en los aparcamientos subterr\u00e1neos. Su dise\u00f1o innovador permite el paso de veh\u00edculos a baja velocidad, al tiempo que reduce el obst\u00e1culo para los peatones, garantizando as\u00ed su seguridad y preservando la fluidez de la circulaci\u00f3n. Vers\u00e1til, SAINT-RAPHAEL puede utilizarse tanto para aplicaciones decorativas como de seguridad en espacios p\u00fablicos, adem\u00e1s de su funci\u00f3n esencial de balizamiento en aparcamientos. Su dise\u00f1o robusto y funcional la convierte en una opci\u00f3n ideal para entornos de alto tr\u00e1fico, asegurando una visibilidad \u00f3ptima y un impacto m\u00ednimo en el paso de los usuarios.<\/p>\n","protected":false},"featured_media":3357,"template":"","meta":{"_acf_changed":true,"inline_featured_image":false},"pdt-application":[540,541,542],"product_category":[376],"pdt-control":[394],"pdt-position":[383],"pdt-tags":[],"mix-chromatique":[377],"class_list":["post-4370","product","type-product","status-publish","has-post-thumbnail","hentry","pdt-application-seguridad","pdt-application-vial-y-movilidad","pdt-application-paisajismo","product_category-los-extras","pdt-control-24-v-dc-pwm","pdt-position-apliques","mix-chromatique-balizamiento-mono"],"acf":[],"_links":{"self":[{"href":"https:\/\/www.lec.fr\/es\/wp-json\/wp\/v2\/product\/4370","targetHints":{"allow":["GET"]}}],"collection":[{"href":"https:\/\/www.lec.fr\/es\/wp-json\/wp\/v2\/product"}],"about":[{"href":"https:\/\/www.lec.fr\/es\/wp-json\/wp\/v2\/types\/product"}],"wp:featuredmedia":[{"embeddable":true,"href":"https:\/\/www.lec.fr\/es\/wp-json\/wp\/v2\/media\/3357"}],"wp:attachment":[{"href":"https:\/\/www.lec.fr\/es\/wp-json\/wp\/v2\/media?parent=4370"}],"wp:term":[{"taxonomy":"pdt-application","embeddable":true,"href":"https:\/\/www.lec.fr\/es\/wp-json\/wp\/v2\/pdt-application?post=4370"},{"taxonomy":"product_category","embeddable":true,"href":"https:\/\/www.lec.fr\/es\/wp-json\/wp\/v2\/product_category?post=4370"},{"taxonomy":"pdt-control","embeddable":true,"href":"https:\/\/www.lec.fr\/es\/wp-json\/wp\/v2\/pdt-control?post=4370"},{"taxonomy":"pdt-position","embeddable":true,"href":"https:\/\/www.lec.fr\/es\/wp-json\/wp\/v2\/pdt-position?post=4370"},{"taxonomy":"pdt-tags","embeddable":true,"href":"https:\/\/www.lec.fr\/es\/wp-json\/wp\/v2\/pdt-tags?post=4370"},{"taxonomy":"mix-chromatique","embeddable":true,"href":"https:\/\/www.lec.fr\/es\/wp-json\/wp\/v2\/mix-chromatique?post=4370"}],"curies":[{"name":"wp","href":"https:\/\/api.w.org\/{rel}","templated":true}]}}