{"id":4371,"date":"2025-09-24T17:54:34","date_gmt":"2025-09-24T15:54:34","guid":{"rendered":"https:\/\/www.lec.fr\/?post_type=product&#038;p=4371"},"modified":"2026-03-05T10:45:01","modified_gmt":"2026-03-05T09:45:01","slug":"bordeaux","status":"publish","type":"product","link":"https:\/\/www.lec.fr\/es\/producto\/bordeaux\/","title":{"rendered":"Bordeaux"},"content":{"rendered":"<p>BORDEAUX es la versi\u00f3n \u00ab mini \u00bb de los empotrables de suelo que ofrece una iluminaci\u00f3n discreta y precisa. Ideal para la puesta en valor de detalles arquitect\u00f3nicos, mobiliario urbano y espacios p\u00fablicos, se integra f\u00e1cilmente fij\u00e1ndose y peg\u00e1ndose en muros, bolardos, m\u00e1stiles o cualquier otro soporte. Ofrece una soluci\u00f3n de iluminaci\u00f3n elegante y funcional.<\/p>\n","protected":false},"featured_media":3376,"template":"","meta":{"_acf_changed":true,"inline_featured_image":false},"pdt-application":[540,541,542],"product_category":[374],"pdt-control":[394],"pdt-position":[384,385,387],"pdt-tags":[],"mix-chromatique":[377,378,380],"class_list":["post-4371","product","type-product","status-publish","has-post-thumbnail","hentry","pdt-application-seguridad","pdt-application-vial-y-movilidad","pdt-application-paisajismo","product_category-los-puntos","pdt-control-24-v-dc-pwm","pdt-position-bolardos","pdt-position-empotrados","pdt-position-mastiles","mix-chromatique-balizamiento-mono","mix-chromatique-balizamiento-rgb","mix-chromatique-iluminacion-mono"],"acf":[],"_links":{"self":[{"href":"https:\/\/www.lec.fr\/es\/wp-json\/wp\/v2\/product\/4371","targetHints":{"allow":["GET"]}}],"collection":[{"href":"https:\/\/www.lec.fr\/es\/wp-json\/wp\/v2\/product"}],"about":[{"href":"https:\/\/www.lec.fr\/es\/wp-json\/wp\/v2\/types\/product"}],"wp:featuredmedia":[{"embeddable":true,"href":"https:\/\/www.lec.fr\/es\/wp-json\/wp\/v2\/media\/3376"}],"wp:attachment":[{"href":"https:\/\/www.lec.fr\/es\/wp-json\/wp\/v2\/media?parent=4371"}],"wp:term":[{"taxonomy":"pdt-application","embeddable":true,"href":"https:\/\/www.lec.fr\/es\/wp-json\/wp\/v2\/pdt-application?post=4371"},{"taxonomy":"product_category","embeddable":true,"href":"https:\/\/www.lec.fr\/es\/wp-json\/wp\/v2\/product_category?post=4371"},{"taxonomy":"pdt-control","embeddable":true,"href":"https:\/\/www.lec.fr\/es\/wp-json\/wp\/v2\/pdt-control?post=4371"},{"taxonomy":"pdt-position","embeddable":true,"href":"https:\/\/www.lec.fr\/es\/wp-json\/wp\/v2\/pdt-position?post=4371"},{"taxonomy":"pdt-tags","embeddable":true,"href":"https:\/\/www.lec.fr\/es\/wp-json\/wp\/v2\/pdt-tags?post=4371"},{"taxonomy":"mix-chromatique","embeddable":true,"href":"https:\/\/www.lec.fr\/es\/wp-json\/wp\/v2\/mix-chromatique?post=4371"}],"curies":[{"name":"wp","href":"https:\/\/api.w.org\/{rel}","templated":true}]}}