{"id":4372,"date":"2025-09-24T17:54:34","date_gmt":"2025-09-24T15:54:34","guid":{"rendered":"https:\/\/www.lec.fr\/?post_type=product&#038;p=4372"},"modified":"2026-01-20T14:40:39","modified_gmt":"2026-01-20T13:40:39","slug":"belval","status":"publish","type":"product","link":"https:\/\/www.lec.fr\/es\/producto\/belval\/","title":{"rendered":"Belval"},"content":{"rendered":"<p>Discreto y elegante, BELVAL es el proyector empotrado ideal para realzar sus acondicionamientos exteriores. Especialmente dise\u00f1ado para integrarse sin torniller\u00eda visible, se funde perfectamente en los pasamanos de madera de las pasarelas y en los itinerarios peatonales, garantizando al mismo tiempo una iluminaci\u00f3n homog\u00e9nea y confortable. Gracias a su amplio abanico de \u00f3pticas, BELVAL se adapta a cada configuraci\u00f3n: \u00f3pticas asim\u00e9tricas extensivas para cubrir grandes superficies sin discontinuidades de iluminaci\u00f3n, u \u00f3pticas el\u00edpticas con haz desviado para minimizar la visibilidad directa de la fuente luminosa y reforzar el confort visual. Su dise\u00f1o sin saliente y sus dos perfiles de empotramiento ofrecen una flexibilidad de integraci\u00f3n a medida, preservando la est\u00e9tica del entorno. Ya sea para asegurar un itinerario peatonal, guiar a los ciclistas o poner en valor una pasarela, BELVAL transforma cada recorrido en una experiencia visual.<\/p>\n","protected":false},"featured_media":3383,"template":"","meta":{"_acf_changed":true,"inline_featured_image":false},"pdt-application":[540,542],"product_category":[375],"pdt-control":[394],"pdt-position":[384,386],"pdt-tags":[],"mix-chromatique":[380,381],"class_list":["post-4372","product","type-product","status-publish","has-post-thumbnail","hentry","pdt-application-seguridad","pdt-application-paisajismo","product_category-las-lineas","pdt-control-24-v-dc-pwm","pdt-position-bolardos","pdt-position-pasamanos","mix-chromatique-iluminacion-mono","mix-chromatique-iluminacion-rgb"],"acf":[],"_links":{"self":[{"href":"https:\/\/www.lec.fr\/es\/wp-json\/wp\/v2\/product\/4372","targetHints":{"allow":["GET"]}}],"collection":[{"href":"https:\/\/www.lec.fr\/es\/wp-json\/wp\/v2\/product"}],"about":[{"href":"https:\/\/www.lec.fr\/es\/wp-json\/wp\/v2\/types\/product"}],"wp:featuredmedia":[{"embeddable":true,"href":"https:\/\/www.lec.fr\/es\/wp-json\/wp\/v2\/media\/3383"}],"wp:attachment":[{"href":"https:\/\/www.lec.fr\/es\/wp-json\/wp\/v2\/media?parent=4372"}],"wp:term":[{"taxonomy":"pdt-application","embeddable":true,"href":"https:\/\/www.lec.fr\/es\/wp-json\/wp\/v2\/pdt-application?post=4372"},{"taxonomy":"product_category","embeddable":true,"href":"https:\/\/www.lec.fr\/es\/wp-json\/wp\/v2\/product_category?post=4372"},{"taxonomy":"pdt-control","embeddable":true,"href":"https:\/\/www.lec.fr\/es\/wp-json\/wp\/v2\/pdt-control?post=4372"},{"taxonomy":"pdt-position","embeddable":true,"href":"https:\/\/www.lec.fr\/es\/wp-json\/wp\/v2\/pdt-position?post=4372"},{"taxonomy":"pdt-tags","embeddable":true,"href":"https:\/\/www.lec.fr\/es\/wp-json\/wp\/v2\/pdt-tags?post=4372"},{"taxonomy":"mix-chromatique","embeddable":true,"href":"https:\/\/www.lec.fr\/es\/wp-json\/wp\/v2\/mix-chromatique?post=4372"}],"curies":[{"name":"wp","href":"https:\/\/api.w.org\/{rel}","templated":true}]}}