{"id":4373,"date":"2025-09-24T17:54:40","date_gmt":"2025-09-24T15:54:40","guid":{"rendered":"https:\/\/www.lec.fr\/?post_type=product&#038;p=4373"},"modified":"2026-01-20T14:40:48","modified_gmt":"2026-01-20T13:40:48","slug":"luminy-6","status":"publish","type":"product","link":"https:\/\/www.lec.fr\/es\/producto\/luminy-6\/","title":{"rendered":"Luminy 6"},"content":{"rendered":"<p>La versi\u00f3n \u00ab extra \u00bb de la gama de proyectores, LUMINY 6, ofrece una potencia elevada y una gran flexibilidad para responder a las exigencias de los proyectos de iluminaci\u00f3n m\u00e1s ambiciosos. Puede instalarse en el suelo, en pared o sobre m\u00e1stiles, con accesorios adaptables a medida para cada aplicaci\u00f3n. Ideal para la puesta en valor del patrimonio arquitect\u00f3nico, la iluminaci\u00f3n de fachadas o el realce de \u00e1rboles, LUMINY 6 se integra perfectamente en los espacios p\u00fablicos para crear ambientes sublimes, ya sean directos o indirectos. El proyector ofrece opciones de personalizaci\u00f3n con pintura termolacada RAL a elecci\u00f3n, as\u00ed como una opci\u00f3n de cuadr\u00edcrom\u00eda para efectos luminosos variados. Su dise\u00f1o orientable en 3 ejes permite una precisi\u00f3n \u00f3ptima en la orientaci\u00f3n del haz luminoso, mientras que la opci\u00f3n de corte de flujo garantiza un control perfecto de la luz.<\/p>\n","protected":false},"featured_media":3408,"template":"","meta":{"_acf_changed":true,"inline_featured_image":false},"pdt-application":[540,542],"product_category":[373],"pdt-control":[389,390,391,392],"pdt-position":[383,387],"pdt-tags":[],"mix-chromatique":[380,382],"class_list":["post-4373","product","type-product","status-publish","has-post-thumbnail","hentry","pdt-application-seguridad","pdt-application-paisajismo","product_category-los-spots","pdt-control-230-v-ac","pdt-control-230-v-ac-0-10-v","pdt-control-230-v-ac-dali","pdt-control-230-v-ac-dmx","pdt-position-apliques","pdt-position-mastiles","mix-chromatique-iluminacion-mono","mix-chromatique-iluminacion-rgbw"],"acf":[],"_links":{"self":[{"href":"https:\/\/www.lec.fr\/es\/wp-json\/wp\/v2\/product\/4373","targetHints":{"allow":["GET"]}}],"collection":[{"href":"https:\/\/www.lec.fr\/es\/wp-json\/wp\/v2\/product"}],"about":[{"href":"https:\/\/www.lec.fr\/es\/wp-json\/wp\/v2\/types\/product"}],"wp:featuredmedia":[{"embeddable":true,"href":"https:\/\/www.lec.fr\/es\/wp-json\/wp\/v2\/media\/3408"}],"wp:attachment":[{"href":"https:\/\/www.lec.fr\/es\/wp-json\/wp\/v2\/media?parent=4373"}],"wp:term":[{"taxonomy":"pdt-application","embeddable":true,"href":"https:\/\/www.lec.fr\/es\/wp-json\/wp\/v2\/pdt-application?post=4373"},{"taxonomy":"product_category","embeddable":true,"href":"https:\/\/www.lec.fr\/es\/wp-json\/wp\/v2\/product_category?post=4373"},{"taxonomy":"pdt-control","embeddable":true,"href":"https:\/\/www.lec.fr\/es\/wp-json\/wp\/v2\/pdt-control?post=4373"},{"taxonomy":"pdt-position","embeddable":true,"href":"https:\/\/www.lec.fr\/es\/wp-json\/wp\/v2\/pdt-position?post=4373"},{"taxonomy":"pdt-tags","embeddable":true,"href":"https:\/\/www.lec.fr\/es\/wp-json\/wp\/v2\/pdt-tags?post=4373"},{"taxonomy":"mix-chromatique","embeddable":true,"href":"https:\/\/www.lec.fr\/es\/wp-json\/wp\/v2\/mix-chromatique?post=4373"}],"curies":[{"name":"wp","href":"https:\/\/api.w.org\/{rel}","templated":true}]}}