{"id":4374,"date":"2025-09-24T17:54:34","date_gmt":"2025-09-24T15:54:34","guid":{"rendered":"https:\/\/www.lec.fr\/?post_type=product&#038;p=4374"},"modified":"2026-01-20T14:40:57","modified_gmt":"2026-01-20T13:40:57","slug":"lucerne","status":"publish","type":"product","link":"https:\/\/www.lec.fr\/es\/producto\/lucerne\/","title":{"rendered":"Lucerne"},"content":{"rendered":"<p>Elegante y discreto, LUCERNE es un empotrable redondo enrasado de tama\u00f1o mediano, dise\u00f1ado para balizar, realzar y asegurar espacios p\u00fablicos y privados. Gracias a su dise\u00f1o sobrio y a su luz controlada, se integra perfectamente en el paisaje urbano, tanto en instalaci\u00f3n en el suelo como en montaje mural. Ideal para estructurar visualmente un itinerario, destacar un carril bici, una escalera o acompa\u00f1ar la arquitectura de un lugar, LUCERNE ofrece una iluminaci\u00f3n suave, funcional y est\u00e9tica. Pensado para responder a necesidades variadas, est\u00e1 disponible en versiones de tricrom\u00eda para balizamiento luminoso y cuadr\u00edcrom\u00eda para iluminaci\u00f3n, permitiendo crear ambientes luminosos a medida, y tambi\u00e9n puede personalizarse para integrar se\u00f1alizaci\u00f3n espec\u00edfica: motivos, pictogramas, rotulaciones o marcajes luminosos dedicados. Esta flexibilidad convierte a LUCERNE en un aliado ideal para combinar balizamiento de seguridad, animaci\u00f3n del espacio y se\u00f1alizaci\u00f3n en un solo producto.<\/p>\n","protected":false},"featured_media":3435,"template":"","meta":{"_acf_changed":true,"inline_featured_image":false},"pdt-application":[539,540,541,542],"product_category":[374],"pdt-control":[389,394],"pdt-position":[384,385],"pdt-tags":[],"mix-chromatique":[377,378,380,382],"class_list":["post-4374","product","type-product","status-publish","has-post-thumbnail","hentry","pdt-application-puesta-en-valor","pdt-application-seguridad","pdt-application-vial-y-movilidad","pdt-application-paisajismo","product_category-los-puntos","pdt-control-230-v-ac","pdt-control-24-v-dc-pwm","pdt-position-bolardos","pdt-position-empotrados","mix-chromatique-balizamiento-mono","mix-chromatique-balizamiento-rgb","mix-chromatique-iluminacion-mono","mix-chromatique-iluminacion-rgbw"],"acf":[],"_links":{"self":[{"href":"https:\/\/www.lec.fr\/es\/wp-json\/wp\/v2\/product\/4374","targetHints":{"allow":["GET"]}}],"collection":[{"href":"https:\/\/www.lec.fr\/es\/wp-json\/wp\/v2\/product"}],"about":[{"href":"https:\/\/www.lec.fr\/es\/wp-json\/wp\/v2\/types\/product"}],"wp:featuredmedia":[{"embeddable":true,"href":"https:\/\/www.lec.fr\/es\/wp-json\/wp\/v2\/media\/3435"}],"wp:attachment":[{"href":"https:\/\/www.lec.fr\/es\/wp-json\/wp\/v2\/media?parent=4374"}],"wp:term":[{"taxonomy":"pdt-application","embeddable":true,"href":"https:\/\/www.lec.fr\/es\/wp-json\/wp\/v2\/pdt-application?post=4374"},{"taxonomy":"product_category","embeddable":true,"href":"https:\/\/www.lec.fr\/es\/wp-json\/wp\/v2\/product_category?post=4374"},{"taxonomy":"pdt-control","embeddable":true,"href":"https:\/\/www.lec.fr\/es\/wp-json\/wp\/v2\/pdt-control?post=4374"},{"taxonomy":"pdt-position","embeddable":true,"href":"https:\/\/www.lec.fr\/es\/wp-json\/wp\/v2\/pdt-position?post=4374"},{"taxonomy":"pdt-tags","embeddable":true,"href":"https:\/\/www.lec.fr\/es\/wp-json\/wp\/v2\/pdt-tags?post=4374"},{"taxonomy":"mix-chromatique","embeddable":true,"href":"https:\/\/www.lec.fr\/es\/wp-json\/wp\/v2\/mix-chromatique?post=4374"}],"curies":[{"name":"wp","href":"https:\/\/api.w.org\/{rel}","templated":true}]}}