{"id":4375,"date":"2025-09-24T17:54:40","date_gmt":"2025-09-24T15:54:40","guid":{"rendered":"https:\/\/www.lec.fr\/?post_type=product&#038;p=4375"},"modified":"2026-03-05T11:12:01","modified_gmt":"2026-03-05T10:12:01","slug":"palais-royal","status":"publish","type":"product","link":"https:\/\/www.lec.fr\/es\/producto\/palais-royal\/","title":{"rendered":"Palais Royal"},"content":{"rendered":"<p>PALAIS ROYAL es un proyector LED compacto, dise\u00f1ado para instalarse en aplique al suelo y ofrecer una iluminaci\u00f3n rasante y extensiva. Su luz discreta y eficaz permite estructurar el espacio garantizando al mismo tiempo una visibilidad \u00f3ptima para los itinerarios peatonales, ciclistas y las zonas de circulaci\u00f3n. Gracias a su direcci\u00f3n de emisi\u00f3n simple o doble, se adapta perfectamente a las configuraciones de los espacios p\u00fablicos, pasarelas, pontones o a la puesta en valor de fachadas de poca altura. F\u00e1cil de instalar, puede fijarse directamente al suelo (excepto 230 V) o sobre una placa de empotramiento seg\u00fan las necesidades del proyecto. Vers\u00e1til, fiable y discreto, PALAIS ROYAL se integra armoniosamente en el entorno asegurando un rendimiento lum\u00ednico \u00f3ptimo.<\/p>\n","protected":false},"featured_media":4383,"template":"","meta":{"_acf_changed":true,"inline_featured_image":false},"pdt-application":[540,541,542],"product_category":[376],"pdt-control":[389,394],"pdt-position":[383],"pdt-tags":[],"mix-chromatique":[380],"class_list":["post-4375","product","type-product","status-publish","has-post-thumbnail","hentry","pdt-application-seguridad","pdt-application-vial-y-movilidad","pdt-application-paisajismo","product_category-los-extras","pdt-control-230-v-ac","pdt-control-24-v-dc-pwm","pdt-position-apliques","mix-chromatique-iluminacion-mono"],"acf":[],"_links":{"self":[{"href":"https:\/\/www.lec.fr\/es\/wp-json\/wp\/v2\/product\/4375","targetHints":{"allow":["GET"]}}],"collection":[{"href":"https:\/\/www.lec.fr\/es\/wp-json\/wp\/v2\/product"}],"about":[{"href":"https:\/\/www.lec.fr\/es\/wp-json\/wp\/v2\/types\/product"}],"wp:featuredmedia":[{"embeddable":true,"href":"https:\/\/www.lec.fr\/es\/wp-json\/wp\/v2\/media\/4383"}],"wp:attachment":[{"href":"https:\/\/www.lec.fr\/es\/wp-json\/wp\/v2\/media?parent=4375"}],"wp:term":[{"taxonomy":"pdt-application","embeddable":true,"href":"https:\/\/www.lec.fr\/es\/wp-json\/wp\/v2\/pdt-application?post=4375"},{"taxonomy":"product_category","embeddable":true,"href":"https:\/\/www.lec.fr\/es\/wp-json\/wp\/v2\/product_category?post=4375"},{"taxonomy":"pdt-control","embeddable":true,"href":"https:\/\/www.lec.fr\/es\/wp-json\/wp\/v2\/pdt-control?post=4375"},{"taxonomy":"pdt-position","embeddable":true,"href":"https:\/\/www.lec.fr\/es\/wp-json\/wp\/v2\/pdt-position?post=4375"},{"taxonomy":"pdt-tags","embeddable":true,"href":"https:\/\/www.lec.fr\/es\/wp-json\/wp\/v2\/pdt-tags?post=4375"},{"taxonomy":"mix-chromatique","embeddable":true,"href":"https:\/\/www.lec.fr\/es\/wp-json\/wp\/v2\/mix-chromatique?post=4375"}],"curies":[{"name":"wp","href":"https:\/\/api.w.org\/{rel}","templated":true}]}}