{"id":4387,"date":"2025-09-24T17:54:34","date_gmt":"2025-09-24T15:54:34","guid":{"rendered":"https:\/\/www.lec.fr\/?post_type=product&#038;p=4387"},"modified":"2026-01-20T14:41:14","modified_gmt":"2026-01-20T13:41:14","slug":"arches","status":"publish","type":"product","link":"https:\/\/www.lec.fr\/es\/producto\/arches\/","title":{"rendered":"Arches"},"content":{"rendered":"<p>Compacto, preciso y discreto, ARCHES es el proyector lineal dise\u00f1ado para realzar los detalles arquitect\u00f3nicos con elegancia. Especialmente concebido para una instalaci\u00f3n sobre alf\u00e9izar de ventana, cornisa o friso arquitect\u00f3nico, ofrece una iluminaci\u00f3n rasante y uniforme que pone en valor sutilmente los vol\u00famenes. Para las instalaciones en fachada, una selecci\u00f3n de \u00f3pticas permite adaptar el \u00e1ngulo de apertura con el fin de cubrir grandes alturas u obtener un ba\u00f1ador homog\u00e9neo, incluso en posici\u00f3n rasante. Disponible en versi\u00f3n de 3 o 6 LED, con acabado de pintura termolacada a elecci\u00f3n, ARCHES se integra en todo tipo de proyectos de iluminaci\u00f3n.<\/p>\n","protected":false},"featured_media":4389,"template":"","meta":{"_acf_changed":true,"inline_featured_image":false},"pdt-application":[540,541],"product_category":[375],"pdt-control":[394],"pdt-position":[383],"pdt-tags":[],"mix-chromatique":[380],"class_list":["post-4387","product","type-product","status-publish","has-post-thumbnail","hentry","pdt-application-seguridad","pdt-application-vial-y-movilidad","product_category-las-lineas","pdt-control-24-v-dc-pwm","pdt-position-apliques","mix-chromatique-iluminacion-mono"],"acf":[],"_links":{"self":[{"href":"https:\/\/www.lec.fr\/es\/wp-json\/wp\/v2\/product\/4387","targetHints":{"allow":["GET"]}}],"collection":[{"href":"https:\/\/www.lec.fr\/es\/wp-json\/wp\/v2\/product"}],"about":[{"href":"https:\/\/www.lec.fr\/es\/wp-json\/wp\/v2\/types\/product"}],"wp:featuredmedia":[{"embeddable":true,"href":"https:\/\/www.lec.fr\/es\/wp-json\/wp\/v2\/media\/4389"}],"wp:attachment":[{"href":"https:\/\/www.lec.fr\/es\/wp-json\/wp\/v2\/media?parent=4387"}],"wp:term":[{"taxonomy":"pdt-application","embeddable":true,"href":"https:\/\/www.lec.fr\/es\/wp-json\/wp\/v2\/pdt-application?post=4387"},{"taxonomy":"product_category","embeddable":true,"href":"https:\/\/www.lec.fr\/es\/wp-json\/wp\/v2\/product_category?post=4387"},{"taxonomy":"pdt-control","embeddable":true,"href":"https:\/\/www.lec.fr\/es\/wp-json\/wp\/v2\/pdt-control?post=4387"},{"taxonomy":"pdt-position","embeddable":true,"href":"https:\/\/www.lec.fr\/es\/wp-json\/wp\/v2\/pdt-position?post=4387"},{"taxonomy":"pdt-tags","embeddable":true,"href":"https:\/\/www.lec.fr\/es\/wp-json\/wp\/v2\/pdt-tags?post=4387"},{"taxonomy":"mix-chromatique","embeddable":true,"href":"https:\/\/www.lec.fr\/es\/wp-json\/wp\/v2\/mix-chromatique?post=4387"}],"curies":[{"name":"wp","href":"https:\/\/api.w.org\/{rel}","templated":true}]}}