{"id":4400,"date":"2025-09-24T17:54:34","date_gmt":"2025-09-24T15:54:34","guid":{"rendered":"https:\/\/www.lec.fr\/?post_type=product&#038;p=4400"},"modified":"2026-03-05T10:47:15","modified_gmt":"2026-03-05T09:47:15","slug":"chateauneuf","status":"publish","type":"product","link":"https:\/\/www.lec.fr\/es\/producto\/chateauneuf\/","title":{"rendered":"Chateauneuf"},"content":{"rendered":"<p>CHATEAUNEUF es una luminaria empotrada, ideal para la iluminaci\u00f3n o el balizamiento de los espacios urbanos. Versi\u00f3n intermedia de la gama, se distingue por su aro cuidadosamente dise\u00f1ado para una integraci\u00f3n perfectamente discreta, independientemente del soporte. Ya sea en instalaci\u00f3n mural para asegurar carriles bici, recorridos peatonales y escaleras, o para poner en valor detalles arquitect\u00f3nicos o mobiliario urbano, CHATEAUNEUF se adapta con precisi\u00f3n a cada entorno. Fabricado en aluminio mecanizado anodizado incoloro y equipado con una ventana de policarbonato tratado anti-UV y anti-rayaduras, combina robustez y discreci\u00f3n. Disponible en versi\u00f3n tricrom\u00eda para balizamiento y cuadracrom\u00eda para iluminaci\u00f3n, permite modular la atm\u00f3sfera luminosa para acompa\u00f1ar los usos o resaltar los vol\u00famenes con sutileza. Vers\u00e1til y fiable, CHATEAUNEUF es una soluci\u00f3n de iluminaci\u00f3n sobria y duradera, pensada para realzar los espacios p\u00fablicos garantizando al mismo tiempo la seguridad de los usuarios.<\/p>\n","protected":false},"featured_media":4403,"template":"","meta":{"_acf_changed":true,"inline_featured_image":false},"pdt-application":[540,541,542],"product_category":[374],"pdt-control":[389,394],"pdt-position":[384,385,387],"pdt-tags":[],"mix-chromatique":[377,378,380,382],"class_list":["post-4400","product","type-product","status-publish","has-post-thumbnail","hentry","pdt-application-seguridad","pdt-application-vial-y-movilidad","pdt-application-paisajismo","product_category-los-puntos","pdt-control-230-v-ac","pdt-control-24-v-dc-pwm","pdt-position-bolardos","pdt-position-empotrados","pdt-position-mastiles","mix-chromatique-balizamiento-mono","mix-chromatique-balizamiento-rgb","mix-chromatique-iluminacion-mono","mix-chromatique-iluminacion-rgbw"],"acf":[],"_links":{"self":[{"href":"https:\/\/www.lec.fr\/es\/wp-json\/wp\/v2\/product\/4400","targetHints":{"allow":["GET"]}}],"collection":[{"href":"https:\/\/www.lec.fr\/es\/wp-json\/wp\/v2\/product"}],"about":[{"href":"https:\/\/www.lec.fr\/es\/wp-json\/wp\/v2\/types\/product"}],"wp:featuredmedia":[{"embeddable":true,"href":"https:\/\/www.lec.fr\/es\/wp-json\/wp\/v2\/media\/4403"}],"wp:attachment":[{"href":"https:\/\/www.lec.fr\/es\/wp-json\/wp\/v2\/media?parent=4400"}],"wp:term":[{"taxonomy":"pdt-application","embeddable":true,"href":"https:\/\/www.lec.fr\/es\/wp-json\/wp\/v2\/pdt-application?post=4400"},{"taxonomy":"product_category","embeddable":true,"href":"https:\/\/www.lec.fr\/es\/wp-json\/wp\/v2\/product_category?post=4400"},{"taxonomy":"pdt-control","embeddable":true,"href":"https:\/\/www.lec.fr\/es\/wp-json\/wp\/v2\/pdt-control?post=4400"},{"taxonomy":"pdt-position","embeddable":true,"href":"https:\/\/www.lec.fr\/es\/wp-json\/wp\/v2\/pdt-position?post=4400"},{"taxonomy":"pdt-tags","embeddable":true,"href":"https:\/\/www.lec.fr\/es\/wp-json\/wp\/v2\/pdt-tags?post=4400"},{"taxonomy":"mix-chromatique","embeddable":true,"href":"https:\/\/www.lec.fr\/es\/wp-json\/wp\/v2\/mix-chromatique?post=4400"}],"curies":[{"name":"wp","href":"https:\/\/api.w.org\/{rel}","templated":true}]}}