{"id":4409,"date":"2025-09-24T17:54:40","date_gmt":"2025-09-24T15:54:40","guid":{"rendered":"https:\/\/www.lec.fr\/?post_type=product&#038;p=4409"},"modified":"2026-01-20T14:41:29","modified_gmt":"2026-01-20T13:41:29","slug":"soulary","status":"publish","type":"product","link":"https:\/\/www.lec.fr\/es\/producto\/soulary\/","title":{"rendered":"Soulary"},"content":{"rendered":"<p>Con su dise\u00f1o minimalista y depurado, SOULARY es un proyector suspendido por cable, concebido para la iluminaci\u00f3n vial. El haz del SOULARY es orientable a \u00b110\u00b0 sin necesidad de abrir el proyector, garantizando as\u00ed una estanqueidad \u00f3ptima y un rendimiento duradero. Esta luminaria es ideal para la iluminaci\u00f3n de recorridos peatonales y ciclistas, as\u00ed como de calles, escaleras y otros espacios p\u00fablicos. Su cuerpo de aluminio mecanizado anodizado incoloro y su cofia de aluminio con acabado de pintura termolacada RAL a elegir le confieren a la vez robustez y est\u00e9tica. Adem\u00e1s, SOULARY ofrece una opci\u00f3n de tricrom\u00eda para una animaci\u00f3n crom\u00e1tica din\u00e1mica, aportando un toque original a la iluminaci\u00f3n urbana.<\/p>\n","protected":false},"featured_media":3459,"template":"","meta":{"_acf_changed":true,"inline_featured_image":false},"pdt-application":[542],"product_category":[375],"pdt-control":[394],"pdt-position":[388],"pdt-tags":[],"mix-chromatique":[380,381],"class_list":["post-4409","product","type-product","status-publish","has-post-thumbnail","hentry","pdt-application-paisajismo","product_category-las-lineas","pdt-control-24-v-dc-pwm","pdt-position-suspendidos","mix-chromatique-iluminacion-mono","mix-chromatique-iluminacion-rgb"],"acf":[],"_links":{"self":[{"href":"https:\/\/www.lec.fr\/es\/wp-json\/wp\/v2\/product\/4409","targetHints":{"allow":["GET"]}}],"collection":[{"href":"https:\/\/www.lec.fr\/es\/wp-json\/wp\/v2\/product"}],"about":[{"href":"https:\/\/www.lec.fr\/es\/wp-json\/wp\/v2\/types\/product"}],"wp:featuredmedia":[{"embeddable":true,"href":"https:\/\/www.lec.fr\/es\/wp-json\/wp\/v2\/media\/3459"}],"wp:attachment":[{"href":"https:\/\/www.lec.fr\/es\/wp-json\/wp\/v2\/media?parent=4409"}],"wp:term":[{"taxonomy":"pdt-application","embeddable":true,"href":"https:\/\/www.lec.fr\/es\/wp-json\/wp\/v2\/pdt-application?post=4409"},{"taxonomy":"product_category","embeddable":true,"href":"https:\/\/www.lec.fr\/es\/wp-json\/wp\/v2\/product_category?post=4409"},{"taxonomy":"pdt-control","embeddable":true,"href":"https:\/\/www.lec.fr\/es\/wp-json\/wp\/v2\/pdt-control?post=4409"},{"taxonomy":"pdt-position","embeddable":true,"href":"https:\/\/www.lec.fr\/es\/wp-json\/wp\/v2\/pdt-position?post=4409"},{"taxonomy":"pdt-tags","embeddable":true,"href":"https:\/\/www.lec.fr\/es\/wp-json\/wp\/v2\/pdt-tags?post=4409"},{"taxonomy":"mix-chromatique","embeddable":true,"href":"https:\/\/www.lec.fr\/es\/wp-json\/wp\/v2\/mix-chromatique?post=4409"}],"curies":[{"name":"wp","href":"https:\/\/api.w.org\/{rel}","templated":true}]}}