{"id":4410,"date":"2025-09-24T17:54:40","date_gmt":"2025-09-24T15:54:40","guid":{"rendered":"https:\/\/www.lec.fr\/?post_type=product&#038;p=4410"},"modified":"2026-01-20T14:41:41","modified_gmt":"2026-01-20T13:41:41","slug":"meteor","status":"publish","type":"product","link":"https:\/\/www.lec.fr\/es\/producto\/meteor\/","title":{"rendered":"Meteor"},"content":{"rendered":"<p>METEOR es la versi\u00f3n \u00ab maxi \u00bb de la gama de empotrados redondos enrasados, que ofrece una soluci\u00f3n de iluminaci\u00f3n y balizamiento vers\u00e1til y est\u00e9tica. Esta luminaria est\u00e1 dise\u00f1ada para poner en valor los detalles arquitect\u00f3nicos, el mobiliario urbano y los espacios exteriores. METEOR es especialmente adecuada para el balizamiento de seguridad o decorativo, con una implantaci\u00f3n regular para delimitar un recorrido, un carril bici o una escalera. Tambi\u00e9n puede animar los espacios p\u00fablicos gracias a una luz c\u00e1lida y din\u00e1mica. La opci\u00f3n de tricrom\u00eda permite personalizar los juegos de luz para adaptarse a cada proyecto. El aspecto visual de esta luminaria es totalmente personalizable, ofreciendo la posibilidad de crear efectos visuales \u00fanicos, como una baliza de efecto espejo infinito.<\/p>\n","protected":false},"featured_media":3484,"template":"","meta":{"_acf_changed":true,"inline_featured_image":false},"pdt-application":[540,541],"product_category":[374],"pdt-control":[389,390,391,394],"pdt-position":[385,387],"pdt-tags":[],"mix-chromatique":[377,378,380],"class_list":["post-4410","product","type-product","status-publish","has-post-thumbnail","hentry","pdt-application-seguridad","pdt-application-vial-y-movilidad","product_category-los-puntos","pdt-control-230-v-ac","pdt-control-230-v-ac-0-10-v","pdt-control-230-v-ac-dali","pdt-control-24-v-dc-pwm","pdt-position-empotrados","pdt-position-mastiles","mix-chromatique-balizamiento-mono","mix-chromatique-balizamiento-rgb","mix-chromatique-iluminacion-mono"],"acf":[],"_links":{"self":[{"href":"https:\/\/www.lec.fr\/es\/wp-json\/wp\/v2\/product\/4410","targetHints":{"allow":["GET"]}}],"collection":[{"href":"https:\/\/www.lec.fr\/es\/wp-json\/wp\/v2\/product"}],"about":[{"href":"https:\/\/www.lec.fr\/es\/wp-json\/wp\/v2\/types\/product"}],"wp:featuredmedia":[{"embeddable":true,"href":"https:\/\/www.lec.fr\/es\/wp-json\/wp\/v2\/media\/3484"}],"wp:attachment":[{"href":"https:\/\/www.lec.fr\/es\/wp-json\/wp\/v2\/media?parent=4410"}],"wp:term":[{"taxonomy":"pdt-application","embeddable":true,"href":"https:\/\/www.lec.fr\/es\/wp-json\/wp\/v2\/pdt-application?post=4410"},{"taxonomy":"product_category","embeddable":true,"href":"https:\/\/www.lec.fr\/es\/wp-json\/wp\/v2\/product_category?post=4410"},{"taxonomy":"pdt-control","embeddable":true,"href":"https:\/\/www.lec.fr\/es\/wp-json\/wp\/v2\/pdt-control?post=4410"},{"taxonomy":"pdt-position","embeddable":true,"href":"https:\/\/www.lec.fr\/es\/wp-json\/wp\/v2\/pdt-position?post=4410"},{"taxonomy":"pdt-tags","embeddable":true,"href":"https:\/\/www.lec.fr\/es\/wp-json\/wp\/v2\/pdt-tags?post=4410"},{"taxonomy":"mix-chromatique","embeddable":true,"href":"https:\/\/www.lec.fr\/es\/wp-json\/wp\/v2\/mix-chromatique?post=4410"}],"curies":[{"name":"wp","href":"https:\/\/api.w.org\/{rel}","templated":true}]}}