{"id":4411,"date":"2025-09-24T17:54:34","date_gmt":"2025-09-24T15:54:34","guid":{"rendered":"https:\/\/www.lec.fr\/?post_type=product&#038;p=4411"},"modified":"2026-01-20T14:41:49","modified_gmt":"2026-01-20T13:41:49","slug":"alma","status":"publish","type":"product","link":"https:\/\/www.lec.fr\/es\/producto\/alma\/","title":{"rendered":"Alma"},"content":{"rendered":"<p>ALMA es una luminaria empotrada de suelo dise\u00f1ada para una emisi\u00f3n rasante perif\u00e9rica, ofreciendo as\u00ed una iluminaci\u00f3n sutil y funcional. Ideal para la iluminaci\u00f3n de recorridos peatonales y ciclistas, permite balizar eficazmente los espacios p\u00fablicos. Fijable directamente al suelo o sobre una platina de empotramiento (imprescindible en versi\u00f3n 230 V), ALMA garantiza una instalaci\u00f3n estable y duradera, integr\u00e1ndose perfectamente en su entorno.<\/p>\n","protected":false},"featured_media":4415,"template":"","meta":{"_acf_changed":true,"inline_featured_image":false},"pdt-application":[540,542],"product_category":[376],"pdt-control":[389,390,391,394],"pdt-position":[385],"pdt-tags":[],"mix-chromatique":[380],"class_list":["post-4411","product","type-product","status-publish","has-post-thumbnail","hentry","pdt-application-seguridad","pdt-application-paisajismo","product_category-los-extras","pdt-control-230-v-ac","pdt-control-230-v-ac-0-10-v","pdt-control-230-v-ac-dali","pdt-control-24-v-dc-pwm","pdt-position-empotrados","mix-chromatique-iluminacion-mono"],"acf":[],"_links":{"self":[{"href":"https:\/\/www.lec.fr\/es\/wp-json\/wp\/v2\/product\/4411","targetHints":{"allow":["GET"]}}],"collection":[{"href":"https:\/\/www.lec.fr\/es\/wp-json\/wp\/v2\/product"}],"about":[{"href":"https:\/\/www.lec.fr\/es\/wp-json\/wp\/v2\/types\/product"}],"wp:featuredmedia":[{"embeddable":true,"href":"https:\/\/www.lec.fr\/es\/wp-json\/wp\/v2\/media\/4415"}],"wp:attachment":[{"href":"https:\/\/www.lec.fr\/es\/wp-json\/wp\/v2\/media?parent=4411"}],"wp:term":[{"taxonomy":"pdt-application","embeddable":true,"href":"https:\/\/www.lec.fr\/es\/wp-json\/wp\/v2\/pdt-application?post=4411"},{"taxonomy":"product_category","embeddable":true,"href":"https:\/\/www.lec.fr\/es\/wp-json\/wp\/v2\/product_category?post=4411"},{"taxonomy":"pdt-control","embeddable":true,"href":"https:\/\/www.lec.fr\/es\/wp-json\/wp\/v2\/pdt-control?post=4411"},{"taxonomy":"pdt-position","embeddable":true,"href":"https:\/\/www.lec.fr\/es\/wp-json\/wp\/v2\/pdt-position?post=4411"},{"taxonomy":"pdt-tags","embeddable":true,"href":"https:\/\/www.lec.fr\/es\/wp-json\/wp\/v2\/pdt-tags?post=4411"},{"taxonomy":"mix-chromatique","embeddable":true,"href":"https:\/\/www.lec.fr\/es\/wp-json\/wp\/v2\/mix-chromatique?post=4411"}],"curies":[{"name":"wp","href":"https:\/\/api.w.org\/{rel}","templated":true}]}}