{"id":4420,"date":"2025-09-24T17:54:34","date_gmt":"2025-09-24T15:54:34","guid":{"rendered":"https:\/\/www.lec.fr\/?post_type=product&#038;p=4420"},"modified":"2026-03-05T10:40:03","modified_gmt":"2026-03-05T09:40:03","slug":"albi","status":"publish","type":"product","link":"https:\/\/www.lec.fr\/es\/producto\/albi\/","title":{"rendered":"Albi"},"content":{"rendered":"<p>Discreto pero extremadamente eficaz, ALBI es un empotrado de suelo perfecto para realzar los detalles de un acondicionamiento. Compacto y sin saliente, este peque\u00f1o proyector de 4 LED es la versi\u00f3n mini de la gama de empotrados redondos orientables. Su dise\u00f1o permite una rotaci\u00f3n de 360\u00b0 dentro de su empotramiento, ofreciendo una total libertad para ajustar el flujo luminoso en la direcci\u00f3n adecuada, sea cual sea la restricci\u00f3n de instalaci\u00f3n. Su m\u00f3dulo luminoso es inclinable (-10\u00b0 \/ +30\u00b0), lo que permite afinar la puesta en luz. Ideal para valorizar elementos arquitect\u00f3nicos, mobiliario urbano o crear ambientes en plazas y espacios p\u00fablicos. Combinando robustez y elegancia gracias a su collar\u00edn de aluminio mecanizado anodizado incoloro, este empotrado tambi\u00e9n est\u00e1 disponible con opci\u00f3n de cuadrichrom\u00eda.<\/p>\n","protected":false},"featured_media":4432,"template":"","meta":{"_acf_changed":true,"inline_featured_image":false},"pdt-application":[539,542],"product_category":[374],"pdt-control":[389,390,391,394],"pdt-position":[385],"pdt-tags":[],"mix-chromatique":[380,382],"class_list":["post-4420","product","type-product","status-publish","has-post-thumbnail","hentry","pdt-application-puesta-en-valor","pdt-application-paisajismo","product_category-los-puntos","pdt-control-230-v-ac","pdt-control-230-v-ac-0-10-v","pdt-control-230-v-ac-dali","pdt-control-24-v-dc-pwm","pdt-position-empotrados","mix-chromatique-iluminacion-mono","mix-chromatique-iluminacion-rgbw"],"acf":[],"_links":{"self":[{"href":"https:\/\/www.lec.fr\/es\/wp-json\/wp\/v2\/product\/4420","targetHints":{"allow":["GET"]}}],"collection":[{"href":"https:\/\/www.lec.fr\/es\/wp-json\/wp\/v2\/product"}],"about":[{"href":"https:\/\/www.lec.fr\/es\/wp-json\/wp\/v2\/types\/product"}],"wp:featuredmedia":[{"embeddable":true,"href":"https:\/\/www.lec.fr\/es\/wp-json\/wp\/v2\/media\/4432"}],"wp:attachment":[{"href":"https:\/\/www.lec.fr\/es\/wp-json\/wp\/v2\/media?parent=4420"}],"wp:term":[{"taxonomy":"pdt-application","embeddable":true,"href":"https:\/\/www.lec.fr\/es\/wp-json\/wp\/v2\/pdt-application?post=4420"},{"taxonomy":"product_category","embeddable":true,"href":"https:\/\/www.lec.fr\/es\/wp-json\/wp\/v2\/product_category?post=4420"},{"taxonomy":"pdt-control","embeddable":true,"href":"https:\/\/www.lec.fr\/es\/wp-json\/wp\/v2\/pdt-control?post=4420"},{"taxonomy":"pdt-position","embeddable":true,"href":"https:\/\/www.lec.fr\/es\/wp-json\/wp\/v2\/pdt-position?post=4420"},{"taxonomy":"pdt-tags","embeddable":true,"href":"https:\/\/www.lec.fr\/es\/wp-json\/wp\/v2\/pdt-tags?post=4420"},{"taxonomy":"mix-chromatique","embeddable":true,"href":"https:\/\/www.lec.fr\/es\/wp-json\/wp\/v2\/mix-chromatique?post=4420"}],"curies":[{"name":"wp","href":"https:\/\/api.w.org\/{rel}","templated":true}]}}