{"id":4433,"date":"2025-09-24T17:54:34","date_gmt":"2025-09-24T15:54:34","guid":{"rendered":"https:\/\/www.lec.fr\/?post_type=product&#038;p=4433"},"modified":"2026-01-20T14:42:07","modified_gmt":"2026-01-20T13:42:07","slug":"clem-in","status":"publish","type":"product","link":"https:\/\/www.lec.fr\/es\/producto\/clem-in\/","title":{"rendered":"Clem-In"},"content":{"rendered":"<p>Discreto y robusto, CLEM-IN es una l\u00ednea empotrada en el suelo. Sin saliente, ofrece una flexibilidad de instalaci\u00f3n \u00f3ptima para responder a las necesidades de los proyectos m\u00e1s variados, ya sea para realzar un recorrido, balizar una plaza o iluminar sutilmente fachadas. Gracias a su dise\u00f1o elegante y minimalista, se integra discretamente en el espacio al tiempo que garantiza un rendimiento luminoso notable. Con su grado de protecci\u00f3n IP67, CLEM-IN es totalmente estanco, e IK10 garantiza una excelente resistencia a los impactos y a las exigencias de entornos severos. De f\u00e1cil instalaci\u00f3n, CLEM-IN es una soluci\u00f3n ideal para combinar est\u00e9tica, funcionalidad y fiabilidad en todos sus proyectos de iluminaci\u00f3n exterior.<\/p>\n","protected":false},"featured_media":4445,"template":"","meta":{"_acf_changed":true,"inline_featured_image":false},"pdt-application":[540,542],"product_category":[375],"pdt-control":[394],"pdt-position":[385],"pdt-tags":[],"mix-chromatique":[380,382],"class_list":["post-4433","product","type-product","status-publish","has-post-thumbnail","hentry","pdt-application-seguridad","pdt-application-paisajismo","product_category-las-lineas","pdt-control-24-v-dc-pwm","pdt-position-empotrados","mix-chromatique-iluminacion-mono","mix-chromatique-iluminacion-rgbw"],"acf":[],"_links":{"self":[{"href":"https:\/\/www.lec.fr\/es\/wp-json\/wp\/v2\/product\/4433","targetHints":{"allow":["GET"]}}],"collection":[{"href":"https:\/\/www.lec.fr\/es\/wp-json\/wp\/v2\/product"}],"about":[{"href":"https:\/\/www.lec.fr\/es\/wp-json\/wp\/v2\/types\/product"}],"wp:featuredmedia":[{"embeddable":true,"href":"https:\/\/www.lec.fr\/es\/wp-json\/wp\/v2\/media\/4445"}],"wp:attachment":[{"href":"https:\/\/www.lec.fr\/es\/wp-json\/wp\/v2\/media?parent=4433"}],"wp:term":[{"taxonomy":"pdt-application","embeddable":true,"href":"https:\/\/www.lec.fr\/es\/wp-json\/wp\/v2\/pdt-application?post=4433"},{"taxonomy":"product_category","embeddable":true,"href":"https:\/\/www.lec.fr\/es\/wp-json\/wp\/v2\/product_category?post=4433"},{"taxonomy":"pdt-control","embeddable":true,"href":"https:\/\/www.lec.fr\/es\/wp-json\/wp\/v2\/pdt-control?post=4433"},{"taxonomy":"pdt-position","embeddable":true,"href":"https:\/\/www.lec.fr\/es\/wp-json\/wp\/v2\/pdt-position?post=4433"},{"taxonomy":"pdt-tags","embeddable":true,"href":"https:\/\/www.lec.fr\/es\/wp-json\/wp\/v2\/pdt-tags?post=4433"},{"taxonomy":"mix-chromatique","embeddable":true,"href":"https:\/\/www.lec.fr\/es\/wp-json\/wp\/v2\/mix-chromatique?post=4433"}],"curies":[{"name":"wp","href":"https:\/\/api.w.org\/{rel}","templated":true}]}}