{"id":4448,"date":"2025-09-24T17:54:34","date_gmt":"2025-09-24T15:54:34","guid":{"rendered":"https:\/\/www.lec.fr\/?post_type=product&#038;p=4448"},"modified":"2026-03-24T14:43:57","modified_gmt":"2026-03-24T13:43:57","slug":"allevard","status":"publish","type":"product","link":"https:\/\/www.lec.fr\/es\/producto\/allevard\/","title":{"rendered":"Allevard"},"content":{"rendered":"<p>ALLEVARD es la versi\u00f3n mediana de nuestra gama de empotrados redondos orientables, ofreciendo una flexibilidad de iluminaci\u00f3n \u00f3ptima. Gracias a su rotaci\u00f3n de 360\u00b0 dentro de su empotramiento, permite orientar el flujo luminoso con precisi\u00f3n, sin restricciones de instalaci\u00f3n. Su plato de LED inclinable de 0\u00b0 a 25\u00b0 se ajusta f\u00e1cilmente desde el exterior, sin desmontaje ni impacto en la estanqueidad. Ideal para la iluminaci\u00f3n de fachadas, la puesta en valor de detalles arquitect\u00f3nicos y del mobiliario urbano, ALLEVARD se integra perfectamente en los espacios p\u00fablicos. Robusto y discreto, est\u00e1 dise\u00f1ado para resistir entornos exigentes. Disponible en versi\u00f3n de cuadrichrom\u00eda, tambi\u00e9n permite crear ambientes luminosos din\u00e1micos y a medida.<\/p>\n","protected":false},"featured_media":3515,"template":"","meta":{"_acf_changed":true,"inline_featured_image":false},"pdt-application":[539,542],"product_category":[374],"pdt-control":[389,390,391,392,394],"pdt-position":[385],"pdt-tags":[],"mix-chromatique":[380,382],"class_list":["post-4448","product","type-product","status-publish","has-post-thumbnail","hentry","pdt-application-puesta-en-valor","pdt-application-paisajismo","product_category-los-puntos","pdt-control-230-v-ac","pdt-control-230-v-ac-0-10-v","pdt-control-230-v-ac-dali","pdt-control-230-v-ac-dmx","pdt-control-24-v-dc-pwm","pdt-position-empotrados","mix-chromatique-iluminacion-mono","mix-chromatique-iluminacion-rgbw"],"acf":[],"_links":{"self":[{"href":"https:\/\/www.lec.fr\/es\/wp-json\/wp\/v2\/product\/4448","targetHints":{"allow":["GET"]}}],"collection":[{"href":"https:\/\/www.lec.fr\/es\/wp-json\/wp\/v2\/product"}],"about":[{"href":"https:\/\/www.lec.fr\/es\/wp-json\/wp\/v2\/types\/product"}],"wp:featuredmedia":[{"embeddable":true,"href":"https:\/\/www.lec.fr\/es\/wp-json\/wp\/v2\/media\/3515"}],"wp:attachment":[{"href":"https:\/\/www.lec.fr\/es\/wp-json\/wp\/v2\/media?parent=4448"}],"wp:term":[{"taxonomy":"pdt-application","embeddable":true,"href":"https:\/\/www.lec.fr\/es\/wp-json\/wp\/v2\/pdt-application?post=4448"},{"taxonomy":"product_category","embeddable":true,"href":"https:\/\/www.lec.fr\/es\/wp-json\/wp\/v2\/product_category?post=4448"},{"taxonomy":"pdt-control","embeddable":true,"href":"https:\/\/www.lec.fr\/es\/wp-json\/wp\/v2\/pdt-control?post=4448"},{"taxonomy":"pdt-position","embeddable":true,"href":"https:\/\/www.lec.fr\/es\/wp-json\/wp\/v2\/pdt-position?post=4448"},{"taxonomy":"pdt-tags","embeddable":true,"href":"https:\/\/www.lec.fr\/es\/wp-json\/wp\/v2\/pdt-tags?post=4448"},{"taxonomy":"mix-chromatique","embeddable":true,"href":"https:\/\/www.lec.fr\/es\/wp-json\/wp\/v2\/mix-chromatique?post=4448"}],"curies":[{"name":"wp","href":"https:\/\/api.w.org\/{rel}","templated":true}]}}