{"id":4449,"date":"2025-09-24T17:54:34","date_gmt":"2025-09-24T15:54:34","guid":{"rendered":"https:\/\/www.lec.fr\/?post_type=product&#038;p=4449"},"modified":"2026-01-20T14:42:24","modified_gmt":"2026-01-20T13:42:24","slug":"clem","status":"publish","type":"product","link":"https:\/\/www.lec.fr\/es\/producto\/clem\/","title":{"rendered":"Clem"},"content":{"rendered":"<p>CLEM es una barra luminosa polivalente, disponible en cuatro longitudes, ideal para subrayar con elegancia las l\u00edneas arquitect\u00f3nicas o estructurar visualmente un espacio. Instalada de forma individual o en l\u00ednea continua, permite dibujar perspectivas luminosas limpias y regulares. Gracias a sus \u00f3pticas asim\u00e9tricas muy extensivas, CLEM ofrece una iluminaci\u00f3n homog\u00e9nea, incluso en implantaci\u00f3n rasante, garantizando una puesta en valor sutil. Diferentes accesorios de fijaci\u00f3n, fijos u orientables, permiten una integraci\u00f3n adaptada a cada proyecto. Dise\u00f1ado para adaptarse a usos variados, CLEM se distingue tanto en iluminaci\u00f3n directa como indirecta de espacios p\u00fablicos, en v\u00edas cubiertas o como subrayado decorativo. Tambi\u00e9n est\u00e1 disponible una versi\u00f3n en cuadracrom\u00eda para crear ambientes luminosos personalizados.<\/p>\n","protected":false},"featured_media":4453,"template":"","meta":{"_acf_changed":true,"inline_featured_image":false},"pdt-application":[540,542],"product_category":[375],"pdt-control":[394],"pdt-position":[383],"pdt-tags":[],"mix-chromatique":[380,382],"class_list":["post-4449","product","type-product","status-publish","has-post-thumbnail","hentry","pdt-application-seguridad","pdt-application-paisajismo","product_category-las-lineas","pdt-control-24-v-dc-pwm","pdt-position-apliques","mix-chromatique-iluminacion-mono","mix-chromatique-iluminacion-rgbw"],"acf":[],"_links":{"self":[{"href":"https:\/\/www.lec.fr\/es\/wp-json\/wp\/v2\/product\/4449","targetHints":{"allow":["GET"]}}],"collection":[{"href":"https:\/\/www.lec.fr\/es\/wp-json\/wp\/v2\/product"}],"about":[{"href":"https:\/\/www.lec.fr\/es\/wp-json\/wp\/v2\/types\/product"}],"wp:featuredmedia":[{"embeddable":true,"href":"https:\/\/www.lec.fr\/es\/wp-json\/wp\/v2\/media\/4453"}],"wp:attachment":[{"href":"https:\/\/www.lec.fr\/es\/wp-json\/wp\/v2\/media?parent=4449"}],"wp:term":[{"taxonomy":"pdt-application","embeddable":true,"href":"https:\/\/www.lec.fr\/es\/wp-json\/wp\/v2\/pdt-application?post=4449"},{"taxonomy":"product_category","embeddable":true,"href":"https:\/\/www.lec.fr\/es\/wp-json\/wp\/v2\/product_category?post=4449"},{"taxonomy":"pdt-control","embeddable":true,"href":"https:\/\/www.lec.fr\/es\/wp-json\/wp\/v2\/pdt-control?post=4449"},{"taxonomy":"pdt-position","embeddable":true,"href":"https:\/\/www.lec.fr\/es\/wp-json\/wp\/v2\/pdt-position?post=4449"},{"taxonomy":"pdt-tags","embeddable":true,"href":"https:\/\/www.lec.fr\/es\/wp-json\/wp\/v2\/pdt-tags?post=4449"},{"taxonomy":"mix-chromatique","embeddable":true,"href":"https:\/\/www.lec.fr\/es\/wp-json\/wp\/v2\/mix-chromatique?post=4449"}],"curies":[{"name":"wp","href":"https:\/\/api.w.org\/{rel}","templated":true}]}}