{"id":4463,"date":"2025-09-24T17:54:40","date_gmt":"2025-09-24T15:54:40","guid":{"rendered":"https:\/\/www.lec.fr\/?post_type=product&#038;p=4463"},"modified":"2026-03-05T11:37:12","modified_gmt":"2026-03-05T10:37:12","slug":"pyramide","status":"publish","type":"product","link":"https:\/\/www.lec.fr\/es\/producto\/pyramide\/","title":{"rendered":"Pyramide"},"content":{"rendered":"<p>De forma cuadrada, PYRAMIDE es una luminaria de balizamiento polivalente, que ofrece m\u00faltiples posibilidades de aplicaci\u00f3n. Ideal para recorridos peatonales y ciclistas, tambi\u00e9n puede utilizarse con fines decorativos o de seguridad, especialmente en la animaci\u00f3n de espacios p\u00fablicos. Su dise\u00f1o sin saliente permite una integraci\u00f3n discreta en el entorno, y las dos dimensiones de cajas de empotramiento ofrecen una gran flexibilidad de instalaci\u00f3n. No orientable, tambi\u00e9n puede proponerse en versi\u00f3n pozo sin fondo, creando as\u00ed un efecto luminoso espec\u00edfico y un toque original.<\/p>\n","protected":false},"featured_media":3534,"template":"","meta":{"_acf_changed":true,"inline_featured_image":false},"pdt-application":[540,541,542],"product_category":[376],"pdt-control":[389,394],"pdt-position":[385],"pdt-tags":[],"mix-chromatique":[379],"class_list":["post-4463","product","type-product","status-publish","has-post-thumbnail","hentry","pdt-application-seguridad","pdt-application-vial-y-movilidad","pdt-application-paisajismo","product_category-los-extras","pdt-control-230-v-ac","pdt-control-24-v-dc-pwm","pdt-position-empotrados","mix-chromatique-balizamiento-rgbw"],"acf":[],"_links":{"self":[{"href":"https:\/\/www.lec.fr\/es\/wp-json\/wp\/v2\/product\/4463","targetHints":{"allow":["GET"]}}],"collection":[{"href":"https:\/\/www.lec.fr\/es\/wp-json\/wp\/v2\/product"}],"about":[{"href":"https:\/\/www.lec.fr\/es\/wp-json\/wp\/v2\/types\/product"}],"wp:featuredmedia":[{"embeddable":true,"href":"https:\/\/www.lec.fr\/es\/wp-json\/wp\/v2\/media\/3534"}],"wp:attachment":[{"href":"https:\/\/www.lec.fr\/es\/wp-json\/wp\/v2\/media?parent=4463"}],"wp:term":[{"taxonomy":"pdt-application","embeddable":true,"href":"https:\/\/www.lec.fr\/es\/wp-json\/wp\/v2\/pdt-application?post=4463"},{"taxonomy":"product_category","embeddable":true,"href":"https:\/\/www.lec.fr\/es\/wp-json\/wp\/v2\/product_category?post=4463"},{"taxonomy":"pdt-control","embeddable":true,"href":"https:\/\/www.lec.fr\/es\/wp-json\/wp\/v2\/pdt-control?post=4463"},{"taxonomy":"pdt-position","embeddable":true,"href":"https:\/\/www.lec.fr\/es\/wp-json\/wp\/v2\/pdt-position?post=4463"},{"taxonomy":"pdt-tags","embeddable":true,"href":"https:\/\/www.lec.fr\/es\/wp-json\/wp\/v2\/pdt-tags?post=4463"},{"taxonomy":"mix-chromatique","embeddable":true,"href":"https:\/\/www.lec.fr\/es\/wp-json\/wp\/v2\/mix-chromatique?post=4463"}],"curies":[{"name":"wp","href":"https:\/\/api.w.org\/{rel}","templated":true}]}}