{"id":4464,"date":"2025-09-24T17:54:34","date_gmt":"2025-09-24T15:54:34","guid":{"rendered":"https:\/\/www.lec.fr\/?post_type=product&#038;p=4464"},"modified":"2026-01-20T14:42:42","modified_gmt":"2026-01-20T13:42:42","slug":"alicante","status":"publish","type":"product","link":"https:\/\/www.lec.fr\/es\/producto\/alicante\/","title":{"rendered":"Alicante"},"content":{"rendered":"<p>Ofreciendo una flexibilidad de iluminaci\u00f3n \u00f3ptima, ALICANTE encarna elegancia y rendimiento. Empotrado de suelo, compacto y discreto, aporta un toque de sofisticaci\u00f3n luminosa. Con su \u00edndice de protecci\u00f3n IP68 y su robustez IK10, garantiza una durabilidad excepcional, incluso en los entornos m\u00e1s exigentes. Disponible opcionalmente en cuadracrom\u00eda, ofrece animaciones crom\u00e1ticas din\u00e1micas para realzar y poner en valor los distintos espacios. Adem\u00e1s, su dise\u00f1o inteligente incorpora dos platillos orientables de forma independiente, permitiendo un ajuste \u00f3ptimo y una iluminaci\u00f3n precisa y personalizada. Ya sea para iluminar una fachada o realzar un jard\u00edn, el punto ALICANTE se adapta a sus necesidades.<\/p>\n","protected":false},"featured_media":3568,"template":"","meta":{"_acf_changed":true,"inline_featured_image":false},"pdt-application":[539,542],"product_category":[374],"pdt-control":[389,390,391,392],"pdt-position":[385],"pdt-tags":[],"mix-chromatique":[380,382],"class_list":["post-4464","product","type-product","status-publish","has-post-thumbnail","hentry","pdt-application-puesta-en-valor","pdt-application-paisajismo","product_category-los-puntos","pdt-control-230-v-ac","pdt-control-230-v-ac-0-10-v","pdt-control-230-v-ac-dali","pdt-control-230-v-ac-dmx","pdt-position-empotrados","mix-chromatique-iluminacion-mono","mix-chromatique-iluminacion-rgbw"],"acf":[],"_links":{"self":[{"href":"https:\/\/www.lec.fr\/es\/wp-json\/wp\/v2\/product\/4464","targetHints":{"allow":["GET"]}}],"collection":[{"href":"https:\/\/www.lec.fr\/es\/wp-json\/wp\/v2\/product"}],"about":[{"href":"https:\/\/www.lec.fr\/es\/wp-json\/wp\/v2\/types\/product"}],"wp:featuredmedia":[{"embeddable":true,"href":"https:\/\/www.lec.fr\/es\/wp-json\/wp\/v2\/media\/3568"}],"wp:attachment":[{"href":"https:\/\/www.lec.fr\/es\/wp-json\/wp\/v2\/media?parent=4464"}],"wp:term":[{"taxonomy":"pdt-application","embeddable":true,"href":"https:\/\/www.lec.fr\/es\/wp-json\/wp\/v2\/pdt-application?post=4464"},{"taxonomy":"product_category","embeddable":true,"href":"https:\/\/www.lec.fr\/es\/wp-json\/wp\/v2\/product_category?post=4464"},{"taxonomy":"pdt-control","embeddable":true,"href":"https:\/\/www.lec.fr\/es\/wp-json\/wp\/v2\/pdt-control?post=4464"},{"taxonomy":"pdt-position","embeddable":true,"href":"https:\/\/www.lec.fr\/es\/wp-json\/wp\/v2\/pdt-position?post=4464"},{"taxonomy":"pdt-tags","embeddable":true,"href":"https:\/\/www.lec.fr\/es\/wp-json\/wp\/v2\/pdt-tags?post=4464"},{"taxonomy":"mix-chromatique","embeddable":true,"href":"https:\/\/www.lec.fr\/es\/wp-json\/wp\/v2\/mix-chromatique?post=4464"}],"curies":[{"name":"wp","href":"https:\/\/api.w.org\/{rel}","templated":true}]}}