{"id":4465,"date":"2025-09-24T17:54:40","date_gmt":"2025-09-24T15:54:40","guid":{"rendered":"https:\/\/www.lec.fr\/?post_type=product&#038;p=4465"},"modified":"2026-01-20T14:42:52","modified_gmt":"2026-01-20T13:42:52","slug":"passy","status":"publish","type":"product","link":"https:\/\/www.lec.fr\/es\/producto\/passy\/","title":{"rendered":"Passy"},"content":{"rendered":"<p>Con un perfil discreto de aluminio anodizado, la l\u00ednea PASSY est\u00e1 dise\u00f1ada para realzar los espacios exteriores garantizando al mismo tiempo una iluminaci\u00f3n precisa y homog\u00e9nea. Disponible en varias longitudes y configuraciones, esta luminaria lineal ofrece una soluci\u00f3n perfectamente adaptada a proyectos exigentes, ya sea para revelar la belleza de un monumento o estructurar un paisaje urbano. Gracias a sus \u00f3pticas avanzadas, asegura una distribuci\u00f3n luminosa \u00f3ptima, perfectamente dimensionada seg\u00fan las necesidades. Totalmente robusta, su bloque \u00f3ptico estanco IP68 y su resistencia a los impactos IK10 la convierten en una opci\u00f3n fiable y duradera, incluso en los entornos m\u00e1s expuestos. Adem\u00e1s, la orientaci\u00f3n del m\u00f3dulo LED se realiza f\u00e1cilmente sin necesidad de abrir el producto, garantizando una instalaci\u00f3n optimizada y sin restricciones. PASSY integra un sistema de empotramiento inteligente y opciones de cableado ergon\u00f3micas, que facilitan una instalaci\u00f3n r\u00e1pida y eficaz. Elegante y eficiente, constituye una soluci\u00f3n ideal para proyectos donde la est\u00e9tica, la eficacia y la durabilidad son esenciales.<\/p>\n","protected":false},"featured_media":4476,"template":"","meta":{"_acf_changed":true,"inline_featured_image":false},"pdt-application":[540,542],"product_category":[375],"pdt-control":[389,390,391,392],"pdt-position":[385],"pdt-tags":[],"mix-chromatique":[380,382],"class_list":["post-4465","product","type-product","status-publish","has-post-thumbnail","hentry","pdt-application-seguridad","pdt-application-paisajismo","product_category-las-lineas","pdt-control-230-v-ac","pdt-control-230-v-ac-0-10-v","pdt-control-230-v-ac-dali","pdt-control-230-v-ac-dmx","pdt-position-empotrados","mix-chromatique-iluminacion-mono","mix-chromatique-iluminacion-rgbw"],"acf":[],"_links":{"self":[{"href":"https:\/\/www.lec.fr\/es\/wp-json\/wp\/v2\/product\/4465","targetHints":{"allow":["GET"]}}],"collection":[{"href":"https:\/\/www.lec.fr\/es\/wp-json\/wp\/v2\/product"}],"about":[{"href":"https:\/\/www.lec.fr\/es\/wp-json\/wp\/v2\/types\/product"}],"wp:featuredmedia":[{"embeddable":true,"href":"https:\/\/www.lec.fr\/es\/wp-json\/wp\/v2\/media\/4476"}],"wp:attachment":[{"href":"https:\/\/www.lec.fr\/es\/wp-json\/wp\/v2\/media?parent=4465"}],"wp:term":[{"taxonomy":"pdt-application","embeddable":true,"href":"https:\/\/www.lec.fr\/es\/wp-json\/wp\/v2\/pdt-application?post=4465"},{"taxonomy":"product_category","embeddable":true,"href":"https:\/\/www.lec.fr\/es\/wp-json\/wp\/v2\/product_category?post=4465"},{"taxonomy":"pdt-control","embeddable":true,"href":"https:\/\/www.lec.fr\/es\/wp-json\/wp\/v2\/pdt-control?post=4465"},{"taxonomy":"pdt-position","embeddable":true,"href":"https:\/\/www.lec.fr\/es\/wp-json\/wp\/v2\/pdt-position?post=4465"},{"taxonomy":"pdt-tags","embeddable":true,"href":"https:\/\/www.lec.fr\/es\/wp-json\/wp\/v2\/pdt-tags?post=4465"},{"taxonomy":"mix-chromatique","embeddable":true,"href":"https:\/\/www.lec.fr\/es\/wp-json\/wp\/v2\/mix-chromatique?post=4465"}],"curies":[{"name":"wp","href":"https:\/\/api.w.org\/{rel}","templated":true}]}}