{"id":4479,"date":"2025-09-24T17:54:34","date_gmt":"2025-09-24T15:54:34","guid":{"rendered":"https:\/\/www.lec.fr\/?post_type=product&#038;p=4479"},"modified":"2026-01-20T14:43:03","modified_gmt":"2026-01-20T13:43:03","slug":"lima","status":"publish","type":"product","link":"https:\/\/www.lec.fr\/es\/producto\/lima\/","title":{"rendered":"Lima"},"content":{"rendered":"<p>LIMA es una soluci\u00f3n de iluminaci\u00f3n lineal, concebida para realzar muros y fachadas gracias a un flujo luminoso homog\u00e9neo y potente, incluso a grandes alturas. Fijada en aplique y orientable, se adapta perfectamente a las necesidades de iluminaci\u00f3n directa o indirecta, garantizando al mismo tiempo una integraci\u00f3n discreta gracias a su dise\u00f1o depurado. LIMA permite tambi\u00e9n la realizaci\u00f3n de l\u00edneas continuas para un resultado visual fluido, ideal tanto en arquitectura como en el acondicionamiento de espacios p\u00fablicos. Disponible en opci\u00f3n cuadracrom\u00eda o en versi\u00f3n MAM*, se adapta a todos los contextos y ambientes luminosos. Adem\u00e1s, se ofrece pintura con acabado termolacado personalizable bajo demanda para una perfecta armon\u00eda con el entorno.<\/p>\n<p>*MAM (Monumento a los Ca\u00eddos): versi\u00f3n especial que permite proyectar los colores de la bandera nacional sobre monumentos conmemorativos, reforzando el car\u00e1cter simb\u00f3lico y patri\u00f3tico de los lugares.<\/p>\n","protected":false},"featured_media":3583,"template":"","meta":{"_acf_changed":true,"inline_featured_image":false},"pdt-application":[540,542],"product_category":[375],"pdt-control":[389,390,391,392],"pdt-position":[383],"pdt-tags":[],"mix-chromatique":[380,382],"class_list":["post-4479","product","type-product","status-publish","has-post-thumbnail","hentry","pdt-application-seguridad","pdt-application-paisajismo","product_category-las-lineas","pdt-control-230-v-ac","pdt-control-230-v-ac-0-10-v","pdt-control-230-v-ac-dali","pdt-control-230-v-ac-dmx","pdt-position-apliques","mix-chromatique-iluminacion-mono","mix-chromatique-iluminacion-rgbw"],"acf":[],"_links":{"self":[{"href":"https:\/\/www.lec.fr\/es\/wp-json\/wp\/v2\/product\/4479","targetHints":{"allow":["GET"]}}],"collection":[{"href":"https:\/\/www.lec.fr\/es\/wp-json\/wp\/v2\/product"}],"about":[{"href":"https:\/\/www.lec.fr\/es\/wp-json\/wp\/v2\/types\/product"}],"wp:featuredmedia":[{"embeddable":true,"href":"https:\/\/www.lec.fr\/es\/wp-json\/wp\/v2\/media\/3583"}],"wp:attachment":[{"href":"https:\/\/www.lec.fr\/es\/wp-json\/wp\/v2\/media?parent=4479"}],"wp:term":[{"taxonomy":"pdt-application","embeddable":true,"href":"https:\/\/www.lec.fr\/es\/wp-json\/wp\/v2\/pdt-application?post=4479"},{"taxonomy":"product_category","embeddable":true,"href":"https:\/\/www.lec.fr\/es\/wp-json\/wp\/v2\/product_category?post=4479"},{"taxonomy":"pdt-control","embeddable":true,"href":"https:\/\/www.lec.fr\/es\/wp-json\/wp\/v2\/pdt-control?post=4479"},{"taxonomy":"pdt-position","embeddable":true,"href":"https:\/\/www.lec.fr\/es\/wp-json\/wp\/v2\/pdt-position?post=4479"},{"taxonomy":"pdt-tags","embeddable":true,"href":"https:\/\/www.lec.fr\/es\/wp-json\/wp\/v2\/pdt-tags?post=4479"},{"taxonomy":"mix-chromatique","embeddable":true,"href":"https:\/\/www.lec.fr\/es\/wp-json\/wp\/v2\/mix-chromatique?post=4479"}],"curies":[{"name":"wp","href":"https:\/\/api.w.org\/{rel}","templated":true}]}}