{"id":4481,"date":"2025-09-24T17:54:40","date_gmt":"2025-09-24T15:54:40","guid":{"rendered":"https:\/\/www.lec.fr\/?post_type=product&#038;p=4481"},"modified":"2026-02-27T08:51:44","modified_gmt":"2026-02-27T07:51:44","slug":"saint-jean","status":"publish","type":"product","link":"https:\/\/www.lec.fr\/es\/producto\/saint-jean\/","title":{"rendered":"Saint-Jean"},"content":{"rendered":"<p>El SAINT-JEAN es un proyector empotrado, con una ligera sobresaliencia de 3 mm y sin sobresaliencia en la versi\u00f3n bolardo, especialmente dise\u00f1ado para la iluminaci\u00f3n de recorridos peatonales y ciclistas. Instalado a menos de un metro del suelo, ofrece una soluci\u00f3n discreta y eficaz para iluminar grandes superficies con amplias interdistancias, que pueden superar los 6 metros. Gracias a sus \u00f3pticas espec\u00edficas H30 y H60, garantiza una iluminaci\u00f3n homog\u00e9nea y adecuada, ideal para los espacios p\u00fablicos. El haz es orientable de 0 a 30\u00b0 sin necesidad de abrir el proyector, asegurando as\u00ed una estanqueidad perfecta. Disponible con dos dimensiones de cajas de empotramiento, el SAINT-JEAN tambi\u00e9n puede personalizarse con pintura termolacada para una integraci\u00f3n est\u00e9tica \u00f3ptima. Vers\u00e1til y elegante, se integra armoniosamente en distintos entornos urbanos.<\/p>\n","protected":false},"featured_media":3626,"template":"","meta":{"_acf_changed":true,"inline_featured_image":false},"pdt-application":[540,541,542],"product_category":[376],"pdt-control":[389,391,394],"pdt-position":[385],"pdt-tags":[],"mix-chromatique":[377,380],"class_list":["post-4481","product","type-product","status-publish","has-post-thumbnail","hentry","pdt-application-seguridad","pdt-application-vial-y-movilidad","pdt-application-paisajismo","product_category-los-extras","pdt-control-230-v-ac","pdt-control-230-v-ac-dali","pdt-control-24-v-dc-pwm","pdt-position-empotrados","mix-chromatique-balizamiento-mono","mix-chromatique-iluminacion-mono"],"acf":[],"_links":{"self":[{"href":"https:\/\/www.lec.fr\/es\/wp-json\/wp\/v2\/product\/4481","targetHints":{"allow":["GET"]}}],"collection":[{"href":"https:\/\/www.lec.fr\/es\/wp-json\/wp\/v2\/product"}],"about":[{"href":"https:\/\/www.lec.fr\/es\/wp-json\/wp\/v2\/types\/product"}],"wp:featuredmedia":[{"embeddable":true,"href":"https:\/\/www.lec.fr\/es\/wp-json\/wp\/v2\/media\/3626"}],"wp:attachment":[{"href":"https:\/\/www.lec.fr\/es\/wp-json\/wp\/v2\/media?parent=4481"}],"wp:term":[{"taxonomy":"pdt-application","embeddable":true,"href":"https:\/\/www.lec.fr\/es\/wp-json\/wp\/v2\/pdt-application?post=4481"},{"taxonomy":"product_category","embeddable":true,"href":"https:\/\/www.lec.fr\/es\/wp-json\/wp\/v2\/product_category?post=4481"},{"taxonomy":"pdt-control","embeddable":true,"href":"https:\/\/www.lec.fr\/es\/wp-json\/wp\/v2\/pdt-control?post=4481"},{"taxonomy":"pdt-position","embeddable":true,"href":"https:\/\/www.lec.fr\/es\/wp-json\/wp\/v2\/pdt-position?post=4481"},{"taxonomy":"pdt-tags","embeddable":true,"href":"https:\/\/www.lec.fr\/es\/wp-json\/wp\/v2\/pdt-tags?post=4481"},{"taxonomy":"mix-chromatique","embeddable":true,"href":"https:\/\/www.lec.fr\/es\/wp-json\/wp\/v2\/mix-chromatique?post=4481"}],"curies":[{"name":"wp","href":"https:\/\/api.w.org\/{rel}","templated":true}]}}