{"id":6492,"date":"2026-04-02T13:42:14","date_gmt":"2026-04-02T11:42:14","guid":{"rendered":"https:\/\/www.lec.fr\/es\/produit\/"},"modified":"2026-04-02T13:52:48","modified_gmt":"2026-04-02T11:52:48","slug":"tandem","status":"publish","type":"product","link":"https:\/\/www.lec.fr\/es\/producto\/tandem\/","title":{"rendered":"TANDEM"},"content":{"rendered":"<div class=\"row\"><div class=\"col-12 col-xl-10 offset-xl-1 paragraph\">\n<p>TANDEM es una luminaria de pared con doble emisi\u00f3n luminosa orientable que concentra toda la tecnolog\u00eda y el saber hacer de LEC en un formato compacto, discreto y elegante. Su sello distintivo: una doble iluminaci\u00f3n modulable mediante la simple rotaci\u00f3n de las fuentes, que permite orientar cada haz de manera independiente de \u201330\u00b0 a 30\u00b0, para dirigir la luz con precisi\u00f3n seg\u00fan el efecto deseado. Cada fuente puede configurarse con una temperatura de color distinta y dispone de una amplia gama de \u00f3pticas, ofreciendo una gran libertad de dise\u00f1o para crear ambientes contrastados, resaltar la arquitectura o generar efectos luminosos a medida. Gracias a su doble haz modulable, TANDEM se adapta a numerosos entornos: t\u00faneles, aceras y recorridos peatonales, fachadas y realce arquitect\u00f3nico.<\/p>\n<\/div><\/div>","protected":false},"featured_media":6463,"template":"","meta":{"_acf_changed":true,"inline_featured_image":false},"pdt-application":[539,540],"product_category":[376],"pdt-control":[389,390,391,393,394],"pdt-position":[383,387],"pdt-tags":[],"mix-chromatique":[380,382],"class_list":["post-6492","product","type-product","status-publish","has-post-thumbnail","hentry","pdt-application-puesta-en-valor","pdt-application-seguridad","product_category-los-extras","pdt-control-230-v-ac","pdt-control-230-v-ac-0-10-v","pdt-control-230-v-ac-dali","pdt-control-24-v-dc-dali","pdt-control-24-v-dc-pwm","pdt-position-apliques","pdt-position-mastiles","mix-chromatique-iluminacion-mono","mix-chromatique-iluminacion-rgbw"],"acf":[],"_links":{"self":[{"href":"https:\/\/www.lec.fr\/es\/wp-json\/wp\/v2\/product\/6492","targetHints":{"allow":["GET"]}}],"collection":[{"href":"https:\/\/www.lec.fr\/es\/wp-json\/wp\/v2\/product"}],"about":[{"href":"https:\/\/www.lec.fr\/es\/wp-json\/wp\/v2\/types\/product"}],"wp:featuredmedia":[{"embeddable":true,"href":"https:\/\/www.lec.fr\/es\/wp-json\/wp\/v2\/media\/6463"}],"wp:attachment":[{"href":"https:\/\/www.lec.fr\/es\/wp-json\/wp\/v2\/media?parent=6492"}],"wp:term":[{"taxonomy":"pdt-application","embeddable":true,"href":"https:\/\/www.lec.fr\/es\/wp-json\/wp\/v2\/pdt-application?post=6492"},{"taxonomy":"product_category","embeddable":true,"href":"https:\/\/www.lec.fr\/es\/wp-json\/wp\/v2\/product_category?post=6492"},{"taxonomy":"pdt-control","embeddable":true,"href":"https:\/\/www.lec.fr\/es\/wp-json\/wp\/v2\/pdt-control?post=6492"},{"taxonomy":"pdt-position","embeddable":true,"href":"https:\/\/www.lec.fr\/es\/wp-json\/wp\/v2\/pdt-position?post=6492"},{"taxonomy":"pdt-tags","embeddable":true,"href":"https:\/\/www.lec.fr\/es\/wp-json\/wp\/v2\/pdt-tags?post=6492"},{"taxonomy":"mix-chromatique","embeddable":true,"href":"https:\/\/www.lec.fr\/es\/wp-json\/wp\/v2\/mix-chromatique?post=6492"}],"curies":[{"name":"wp","href":"https:\/\/api.w.org\/{rel}","templated":true}]}}