{"id":6649,"date":"2026-04-02T13:55:19","date_gmt":"2026-04-02T11:55:19","guid":{"rendered":"https:\/\/www.lec.fr\/es\/produit\/"},"modified":"2026-04-08T10:16:35","modified_gmt":"2026-04-08T08:16:35","slug":"lexa","status":"publish","type":"product","link":"https:\/\/www.lec.fr\/es\/producto\/lexa\/","title":{"rendered":"LEXA\u00ae"},"content":{"rendered":"<p>Integrado en el suelo, LEXA\u00ae emite una se\u00f1al luminosa claramente visible en cualquier condici\u00f3n de iluminaci\u00f3n, tanto con baja como con alta luminosidad, con el fin de atraer la atenci\u00f3n de los usuarios y guiar las trayectorias peatonales. Como complemento de un sem\u00e1foro o de un sistema de detecci\u00f3n, alerta en caso de peligro potencial y refuerza la legibilidad de las zonas de cruce. Gracias a su dise\u00f1o adaptable, LEXA\u00ae puede conectarse a diferentes sistemas de control: detecci\u00f3n de presencia, sincronizaci\u00f3n con los sem\u00e1foros o escenarios inteligentes de regulaci\u00f3n de flujos.<\/p>\n\n<div class=\"row\"><div class=\"col-12 col-xl-10 offset-xl-1 buttons\">\n<div class=\"wp-block-buttons is-horizontal is-content-justification-center is-layout-flex wp-container-core-buttons-is-layout-67e932e3 wp-block-buttons-is-layout-flex\">\n<div class=\"wp-block-button is-style-outline is-style-outline--1\"><a class=\"wp-block-button__link has-text-align-center wp-element-button\" href=\"https:\/\/www.calameo.com\/read\/007994869f8c1bffdab24\" target=\"_blank\" rel=\"noopener\">Descubra el folleto<\/a><\/div>\n<\/div>\n<\/div><\/div>","protected":false},"featured_media":6418,"template":"","meta":{"_acf_changed":true,"inline_featured_image":false},"pdt-application":[540,541],"product_category":[376],"pdt-control":[394],"pdt-position":[385],"pdt-tags":[],"mix-chromatique":[377],"class_list":["post-6649","product","type-product","status-publish","has-post-thumbnail","hentry","pdt-application-seguridad","pdt-application-vial-y-movilidad","product_category-los-extras","pdt-control-24-v-dc-pwm","pdt-position-empotrados","mix-chromatique-balizamiento-mono"],"acf":[],"_links":{"self":[{"href":"https:\/\/www.lec.fr\/es\/wp-json\/wp\/v2\/product\/6649","targetHints":{"allow":["GET"]}}],"collection":[{"href":"https:\/\/www.lec.fr\/es\/wp-json\/wp\/v2\/product"}],"about":[{"href":"https:\/\/www.lec.fr\/es\/wp-json\/wp\/v2\/types\/product"}],"wp:featuredmedia":[{"embeddable":true,"href":"https:\/\/www.lec.fr\/es\/wp-json\/wp\/v2\/media\/6418"}],"wp:attachment":[{"href":"https:\/\/www.lec.fr\/es\/wp-json\/wp\/v2\/media?parent=6649"}],"wp:term":[{"taxonomy":"pdt-application","embeddable":true,"href":"https:\/\/www.lec.fr\/es\/wp-json\/wp\/v2\/pdt-application?post=6649"},{"taxonomy":"product_category","embeddable":true,"href":"https:\/\/www.lec.fr\/es\/wp-json\/wp\/v2\/product_category?post=6649"},{"taxonomy":"pdt-control","embeddable":true,"href":"https:\/\/www.lec.fr\/es\/wp-json\/wp\/v2\/pdt-control?post=6649"},{"taxonomy":"pdt-position","embeddable":true,"href":"https:\/\/www.lec.fr\/es\/wp-json\/wp\/v2\/pdt-position?post=6649"},{"taxonomy":"pdt-tags","embeddable":true,"href":"https:\/\/www.lec.fr\/es\/wp-json\/wp\/v2\/pdt-tags?post=6649"},{"taxonomy":"mix-chromatique","embeddable":true,"href":"https:\/\/www.lec.fr\/es\/wp-json\/wp\/v2\/mix-chromatique?post=6649"}],"curies":[{"name":"wp","href":"https:\/\/api.w.org\/{rel}","templated":true}]}}